{"id":1014,"date":"2025-03-27T21:22:20","date_gmt":"2025-03-27T19:22:20","guid":{"rendered":"https:\/\/rys-nocnymaraton.pl\/?page_id=1014"},"modified":"2025-07-05T14:44:57","modified_gmt":"2025-07-05T12:44:57","slug":"xiii-edycja","status":"publish","type":"page","link":"https:\/\/rys-nocnyrajd.pl\/?page_id=1014","title":{"rendered":"XIII EDYCJA"},"content":{"rendered":"\n<table class=\"lista\">\n\t\t<tbody><tr>\n\t\t<td style=\"padding-bottom: 50px;\"><img decoding=\"async\" width=\"70%\" src=\"https:\/\/rys-nocnyrajd.pl\/images\/organizatorzy\/SW.png\"><\/td>\n\t\t<td style=\"padding-bottom: 50px;\">DYREKTOR OKR\u0118GOWY S\u0141U\u017bBY WI\u0118ZIENNEJ W OPOLU<\/td>\n\t\t<\/tr><tr>\n\t\t<td style=\"padding-bottom: 50px;\"><img decoding=\"async\" width=\"70%\" src=\"https:\/\/rys-nocnyrajd.pl\/images\/partnerzy\/nszzfipw-35.png\"><\/td>\n\t\t<td style=\"padding-bottom: 50px;\">PRZEWODNICZ\u0104CY ZARZ\u0104DU G\u0141\u00d3WNEGO NSZZ FUNKCJONARIUSZY I PRACOWNIK\u00d3W WI\u0118ZIENNICTWA<\/td>\n\t\t<\/tr><tr>\n\t\t<td style=\"padding-bottom: 50px;\"><img decoding=\"async\" width=\"70%\" src=\"https:\/\/rys-nocnyrajd.pl\/images\/patronat-honorowy\/bmig.png\"><\/td>\n\t\t<td style=\"padding-bottom: 50px;\">BURMISTRZ MIASTA I GMINY K\u0104TY WROC\u0141AWSKIE<\/td>\n\t\t<\/tr><\/tbody>\n<\/table>\n\n\n\n<p><\/p>\n","protected":false},"excerpt":{"rendered":"<p><a href=\"https:\/\/rys-nocnyrajd.pl\/?page_id=1014\" class=\"more-link\"><span class=\"more-button\"><span class=\"screen-reader-text\">XIII EDYCJA<\/span><\/span><\/a><\/p>\n","protected":false},"author":1,"featured_media":0,"parent":276,"menu_order":0,"comment_status":"closed","ping_status":"closed","template":"","meta":{"footnotes":""},"class_list":["post-1014","page","type-page","status-publish","hentry"],"_links":{"self":[{"href":"https:\/\/rys-nocnyrajd.pl\/index.php?rest_route=\/wp\/v2\/pages\/1014","targetHints":{"allow":["GET"]}}],"collection":[{"href":"https:\/\/rys-nocnyrajd.pl\/index.php?rest_route=\/wp\/v2\/pages"}],"about":[{"href":"https:\/\/rys-nocnyrajd.pl\/index.php?rest_route=\/wp\/v2\/types\/page"}],"author":[{"embeddable":true,"href":"https:\/\/rys-nocnyrajd.pl\/index.php?rest_route=\/wp\/v2\/users\/1"}],"replies":[{"embeddable":true,"href":"https:\/\/rys-nocnyrajd.pl\/index.php?rest_route=%2Fwp%2Fv2%2Fcomments&post=1014"}],"version-history":[{"count":6,"href":"https:\/\/rys-nocnyrajd.pl\/index.php?rest_route=\/wp\/v2\/pages\/1014\/revisions"}],"predecessor-version":[{"id":1089,"href":"https:\/\/rys-nocnyrajd.pl\/index.php?rest_route=\/wp\/v2\/pages\/1014\/revisions\/1089"}],"up":[{"embeddable":true,"href":"https:\/\/rys-nocnyrajd.pl\/index.php?rest_route=\/wp\/v2\/pages\/276"}],"wp:attachment":[{"href":"https:\/\/rys-nocnyrajd.pl\/index.php?rest_route=%2Fwp%2Fv2%2Fmedia&parent=1014"}],"curies":[{"name":"wp","href":"https:\/\/api.w.org\/{rel}","templated":true}]}}