{"id":1018,"date":"2025-03-27T21:29:32","date_gmt":"2025-03-27T19:29:32","guid":{"rendered":"https:\/\/rys-nocnymaraton.pl\/?page_id=1018"},"modified":"2025-09-03T20:39:28","modified_gmt":"2025-09-03T18:39:28","slug":"xiii-edycja","status":"publish","type":"page","link":"https:\/\/rys-nocnyrajd.pl\/?page_id=1018","title":{"rendered":"XIII EDYCJA"},"content":{"rendered":"\n<table border=\"0\" cellpadding=\"10\" class=\"lista\">\n  <tr>\n    <td>\n      <img decoding=\"async\" width=\"125px\" src=\"\/images\/partnerzy\/nszzfipw.png\">\n    <\/td>\n    <td width=\"250px\">\n      <img decoding=\"async\" src=\"\/images\/partnerzy\/sponsor.png\">\n    <\/td>\n  <\/tr>\n  <tr>\n    <td colspan=\"2\" style=\"border-bottom:1px solid black; text-align: justify;\">Zarz\u0105d Okr\u0119gowy NSZZ Funkcjonariuszy i Pracownik\u00f3w Wi\u0119ziennictwa we Wroc\u0142awiu<\/td>\n  <\/tr>\n\n  <tr>\n    <td>\n      <img decoding=\"async\" width=\"125px\" src=\"\/images\/partnerzy\/nszzfipw-35.png\">\n    <\/td>\n    <td width=\"250px\">\n      <img decoding=\"async\" src=\"\/images\/partnerzy\/sponsor.png\">\n    <\/td>\n  <\/tr>\n  <tr>\n    <td colspan=\"2\" style=\"border-bottom:1px solid black; text-align: justify;\">Zarz\u0105d G\u0142\u00f3wny NSZZ Funkcjonariuszy i Pracownik\u00f3w Wi\u0119ziennictwa<\/td>\n  <\/tr>\n  \n  <tr>\n    <td>\n      <a target=\"_blank\" href=\"http:\/\/poznan.nszzfipw.pl\/\" rel=\"noopener\">\n        <img decoding=\"async\" width=\"125px\" src=\"\/images\/partnerzy\/nszzfipw.png\">\n      <\/a>\n    <\/td>\n    <td width=\"250px\">\n      <img decoding=\"async\" src=\"\/images\/partnerzy\/sponsor.png\">\n    <\/td>\n  <\/tr>\n  <tr>\n    <td colspan=\"2\" style=\"border-bottom:1px solid black; text-align: justify;\">Zarz\u0105d Okr\u0119gowy NSZZ Funkcjonariuszy i Pracownik\u00f3w Wi\u0119ziennictwa w Poznaniu<\/td>\n  <\/tr>\n  \n  <tr>\n    <td colspan=\"2\">\n      <a target=\"_blank\" href=\"http:\/\/www.entretiming.pl\/\" rel=\"noopener\">\n        <img decoding=\"async\" width=\"250px\" src=\"\/images\/partnerzy\/entre_timing.png\">\n      <\/a>\n    <\/td>\n  <\/tr>\n  <tr>\n    <td colspan=\"2\" style=\"border-bottom:1px solid black; text-align: justify;\">Firma ENTRE timing powsta\u0142a w 2013 roku. Zapewniamy pomiar czasu w technologii RFID. Zajmujemy si\u0119 r\u00f3wnie\u017c kompleksow\u0105 organizacj\u0105 imprez. A\u017c trudno sobie wyobrazi\u0107, \u017ce jeszcze kilkana\u015bcie lat temu na mecie nawet du\u017cych imprez stali s\u0119dziowie notuj\u0105cy na kartkach czasy i numery startowe wpadaj\u0105cych na met\u0119 zawodnik\u00f3w. Obecnie \u201cca\u0142\u0105 robot\u0119\u201d wykonuje chip w numerze startowym i sprz\u0119t pomiarowy, kt\u00f3rego wydajno\u015b\u0107 pozwala na rejestracj\u0119 kilkudziesi\u0119ciu zawodnik\u00f3w na sekund\u0119.<\/td>\n  <\/tr>\n  \n  <tr>\n    <td colspan=\"2\">\n      <a target=\"_blank\" href=\"http:\/\/www.pw.info.pl\/index.html\" rel=\"noopener\">\n        <img decoding=\"async\" src=\"\/images\/partnerzy\/pw.jpg\">\n      <\/a>\n    <\/td>\n  <\/tr>\n  <tr>\n    <td colspan=\"2\" style=\"border-bottom:1px solid black; text-align: justify;\">Firma PW zajmuje si\u0119 zabezpieczeniem i transportem medycznym od 2006. Dzi\u0119ki naszej wykwalifikowanej kadrze sk\u0142adaj\u0105cej si\u0119 z do\u015bwiadczonych ratownik\u00f3w medycznych, kierowc\u00f3w ratownik\u00f3w i lekarzy mo\u017cemy zapewni\u0107 obs\u0142ug\u0119 medyczn\u0105 ka\u017cdej imprezy masowej na najwy\u017cszym poziomie. Dzi\u0119ki po\u0142\u0105czeniu wykwalifikowanego zespo\u0142u i sprz\u0119tu medycznego na europejskim poziomie jeste\u015bmy w stanie zaoferowa\u0107 zabezpieczenie medyczne najwy\u017cszej jako\u015bci.<\/td>\n  <\/tr>\n\n  <tr>\n    <td>\n      <a target=\"_blank\" href=\"https:\/\/www.pocztowy.pl\/indywidualni\/\" rel=\"noopener\">\n        <img decoding=\"async\" width=\"250px\" src=\"\/images\/partnerzy\/bp.jpg\">\n      <\/a>\n    <\/td>\n    <td width=\"250px\">\n      <img decoding=\"async\" src=\"\/images\/partnerzy\/sponsor.png\">\n    <\/td>\n  <\/tr>\n  <tr>\n    <td colspan=\"2\" style=\"border-bottom:1px solid black; text-align: justify;\">Jeste\u015bmy polskim bankiem detalicznym. Nasz\u0105 misj\u0105 jest zapewnianie Klientom prostych, bezpiecznych us\u0142ug finansowych w dobrej cenie. Dzi\u0119ki strategicznemu partnerstwu z Poczt\u0105 Polsk\u0105 S.A. (posiada 75% minus 10 akcji Banku), dajemy swoim Klientom dost\u0119p do us\u0142ug finansowych za po\u015brednictwem jednej z najszerszych sieci plac\u00f3wek w Polsce licz\u0105cej oko\u0142o 4,6 tys. plac\u00f3wek pocztowych, w tym blisko 800 dedykowanych wy\u0142\u0105cznie do sprzeda\u017cy produkt\u00f3w finansowych plac\u00f3wek bankowych, Mikrooddzia\u0142\u00f3w oraz Pocztowych Stref Finansowych. Drugim akcjonariuszem Banku jest PKO BP S.A. (posiada 25% plus 10 akcji Banku). Specjalizujemy si\u0119 w najprostszych produktach bankowych oferowanych w polskich z\u0142otych dla Klient\u00f3w detalicznych (w tym os\u00f3b fizycznych prowadz\u0105cych w\u0142asn\u0105 dzia\u0142alno\u015b\u0107 gospodarcz\u0105), a tak\u017ce Klient\u00f3w instytucjonalnych. Prowadzimy r\u00f3wnie\u017c dzia\u0142alno\u015b\u0107 w segmencie rozliczeniowym i skarbowym.<\/td>\n  <\/tr>\n  \n  <tr>\n    <td>\n      <a target=\"_blank\" href=\"https:\/\/www.m2c.eu\/\" rel=\"noopener\">\n        <img decoding=\"async\" width=\"250px\" src=\"\/images\/partnerzy\/m2c.jpg\">\n      <\/a>\n    <\/td>\n\t\t<td width=\"250px\">\n      <img decoding=\"async\" src=\"\/images\/partnerzy\/sponsor.png\">\n    <\/td>\n  <\/tr>\n  <tr>\n    <td colspan=\"2\" style=\"border-bottom:1px solid black; text-align: justify;\">\n\tM2C dzia\u0142a w bran\u017cy kompleksowej obs\u0142ugi nieruchomo\u015bci. Prezentuje nowoczesne podej\u015bcie do tradycyjnych us\u0142ug FM takich jak ochrona, utrzymanie czysto\u015bci i utrzymanie techniczne, poprzez wykorzystanie najnowszych technologii i informatycznych rozwi\u0105za\u0144. M2C wspiera centra handlowe, logistyczne, magazynowe, produkcyjne, a tak\u017ce biurowce, hotele, sklepy detaliczne, place bud\u00f3w, itp.\n\n\tM2C jest cz\u0119\u015bci\u0105 mi\u0119dzynarodowej firmy z 30-letni\u0105 tradycj\u0105, \u015bwiadcz\u0105cej profesjonalne us\u0142ugi IFM w 13 krajach Europy. W Polsce obs\u0142uguje ok.  60 obiekt\u00f3w na terenie ca\u0142ego kraju, zapewniaj\u0105c ochron\u0119 fizyczn\u0105, systemy monitoringu i zintegrowanej ochrony, fizyczne oraz zrobotyzowane utrzymanie czysto\u015bci, obs\u0142ug\u0119 techniczn\u0105 budynk\u00f3w, przegl\u0105dy oraz dostarczaj\u0105c nowoczesne rozwi\u0105zania technologiczne.\n\t<\/td>\n  <\/tr>\n\n  <tr>\n    <td colspan=\"2\">\n      <a target=\"_blank\" href=\"http:\/\/www.ski-raft.pl\/\" rel=\"noopener\">\n        <img decoding=\"async\" width=\"250px\" src=\"\/images\/partnerzy\/skiraft.jpg\">\n      <\/a>\n    <\/td>\n  <\/tr>\n  <tr>\n    <td colspan=\"2\" style=\"border-bottom:1px solid black; text-align: justify;\">Firma Ski-Raft powsta\u0142a w wyniku po\u0142\u0105czenia dw\u00f3ch firm zajmuj\u0105cych si\u0119 organizowaniem aktywnego wypoczynku. W roku 2009 przyj\u0119li\u015bmy form\u0119 sp\u00f3\u0142ki cywilnej a od 2014 jeste\u015bmy sp\u00f3\u0142k\u0105 z ograniczon\u0105 odpowiedzialno\u015bci\u0105. Od roku 2009 dzia\u0142amy na terenie Ziemi K\u0142odzkiej i Z\u0105bkowickiej a nasz\u0105 g\u0142\u00f3wn\u0105 siedzib\u0105 jest Bardo Przysta\u0144 Wodna. Naszymi kluczowymi us\u0142ugami, nagradzanymi i wyr\u00f3\u017cnianymi w wielu konkursach i plebiscytach turystycznych i gospodarczych, s\u0105 Sp\u0142ywy Prze\u0142omem Bardzkim odbywaj\u0105ce si\u0119 na pontonach. Zim\u0105 organizujemy aktywny wypoczynek, kt\u00f3rego g\u0142\u00f3wn\u0105 atrakcj\u0105 s\u0105 narty, prowadzimy wypo\u017cyczalni\u0119 nart i sprz\u0119tu zimowego, serwis narciarski oraz szkolenia narciarskie. Organizujemy te\u017c zimowe sp\u0142ywy \u2013 zar\u00f3wno kajakami, jak r\u00f3wnie\u017c pontonami.<\/td>\n  <\/tr>\n\n  <tr>\n    <td colspan=\"2\">\n      <a target=\"_blank\" href=\"https:\/\/www.facebook.com\/profile.php?id=100092603835181\" rel=\"noopener\">\n        <img decoding=\"async\" width=\"250px\" src=\"\/images\/partnerzy\/szukalki.jpg\">\n      <\/a>\n    <\/td>\n  <\/tr>\n  <tr>\n    <td colspan=\"2\" style=\"border-bottom:1px solid black; text-align: justify;\">\n\tSZUKA\u0141KI to rodzinna firma, kt\u00f3ra powsta\u0142a z pasji do pracy z dzie\u0107mi i doros\u0142ymi oraz potrzeby tworzenia wyj\u0105tkowych, pe\u0142nych rado\u015bci chwil. Specjalizujemy si\u0119 w organizacji p\u00f3\u0142kolonii, warsztat\u00f3w majsterkowania dla dzieci, animacji oraz imprez okoliczno\u015bciowych, takich jak bale czy spotkania z Miko\u0142ajem. Nasze animacje mo\u017cna spotka\u0107 r\u00f3wnie\u017c na piknikach, festynach i r\u00f3\u017cnego rodzaju wydarzeniach plenerowych.\n\tTworzymy przestrze\u0144, w kt\u00f3rej dzieci mog\u0105 rozwija\u0107 swoj\u0105 kreatywno\u015b\u0107, zdolno\u015bci manualne i wsp\u00f3\u0142prac\u0119 z r\u00f3wie\u015bnikami &#8211; wszystko w atmosferze dobrej zabawy i bezpiecze\u0144stwa. Oferujemy r\u00f3wnie\u017c warsztaty kreatywne dla doros\u0142ych, kt\u00f3re pozwalaj\u0105 oderwa\u0107 si\u0119 od codzienno\u015bci, pobudzi\u0107 wyobra\u017ani\u0119 i odkry\u0107 rado\u015b\u0107 tworzenia.\n\tNaszym celem jest dostarczanie niezapomnianych wra\u017ce\u0144, budowanie wi\u0119zi i wspieranie rozwoju poprzez tw\u00f3rcze dzia\u0142anie. SZUKA\u0141KI to wi\u0119cej ni\u017c firma &#8211; to miejsce, gdzie ka\u017cda chwila mo\u017ce sta\u0107 si\u0119 przygod\u0105.\n\t<\/td>\n  <\/tr>\n\n  <tr>\n    <td colspan=\"2\">\n      <a target=\"_blank\" href=\"https:\/\/www.facebook.com\/profile.php?id=61554933367975\" rel=\"noopener\">\n        <img decoding=\"async\" width=\"250px\" src=\"\/images\/partnerzy\/kts-kaliber.jpg\">\n      <\/a>\n    <\/td>\n  <\/tr>\n  <tr>\n    <td colspan=\"2\" style=\"border-bottom:1px solid black; text-align: justify;\">\n\tStowarzyszenie KTS Kaliber zosta\u0142o za\u0142o\u017cone dos\u0142ownie w przeddzie\u0144 wybuchu wojny w Ukrainie. Jego g\u0142\u00f3wn\u0105 dzia\u0142alno\u015bci\u0105 jest szkolenie spo\u0142eczno\u015bci lokalnej z u\u017cywania broni palnej, pierwszej pomocy przedmedycznej, sprawnych i skoordynowanych reakcji w przypadku katastrof naturalnych. Stowarzyszenie prowadzi w So\u015bnicy strzelnic\u0119 &#8222;Cegielnia&#8221;.\n\t<\/td>\n  <\/tr>\n\n  <tr>\n    <td colspan=\"2\">\n      <a target=\"_blank\" href=\"http:\/\/www.smzk.katywroclawskie.com\/\" rel=\"noopener\">\n        <img decoding=\"async\" width=\"250px\" src=\"\/images\/partnerzy\/smzk.png\">\n      <\/a>\n    <\/td>\n  <\/tr>\n  <tr>\n    <td colspan=\"2\" style=\"border-bottom:1px solid black; text-align: justify;\">\n\tStowarzyszenie Mi\u0142o\u015bnik\u00f3w Ziemi K\u0105ckiej powsta\u0142o w 2009 roku. Skupia grup\u0119 aktywnych spo\u0142ecznie ludzi zainteresowanych tym, co ich otacza \u2013 regionem, jego histori\u0105, zabytkami, walorami turystycznymi i krajobrazowymi. Jeste\u015bmy organizacj\u0105 regionaln\u0105, kt\u00f3ra zosta\u0142a utworzona do gromadzenia, opracowania i popularyzowania w r\u00f3\u017cnej formie, wszelkiego rodzaju dokument\u00f3w, zdj\u0119\u0107, znalezisk archeologicznych, ksi\u0105\u017cek, artyku\u0142\u00f3w itp., dotycz\u0105cych miasta i gminy K\u0105ty Wroc\u0142awskie. Staramy si\u0119 to osi\u0105gn\u0105\u0107 udost\u0119pniaj\u0105c zgromadzone zbiory w Regionalnej Izbie Pami\u0119ci, kt\u00f3ra mie\u015bci si\u0119 na pierwszym pi\u0119trze budynku dawnego ko\u015bcio\u0142a ewangelickiego w K\u0105tach Wroc\u0142awskich \u2013 Rynek 2. W kr\u0119gu naszego zainteresowania jest tak\u017ce stan lokalnych zabytk\u00f3w, jak r\u00f3wnie\u017c dzia\u0142alno\u015b\u0107 zmierzaj\u0105ca do ich ochrony. Obecnie w Izbie Pami\u0119ci eksponowana jest wystawa sta\u0142a \u201eWsp\u00f3lne dziedzictwo. Od Kanth do K\u0105t\u00f3w Wroc\u0142awskich\u201d, a pracownicy izby i cz\u0142onkowie stowarzyszenia prowadz\u0105 szereg dzia\u0142a\u0144 i inicjatyw edukacyjnych, maj\u0105cych na celu popularyzowanie historii naszego regionu.\n\t<\/td>\n  <\/tr>\n\n  <tr>\n    <td colspan=\"2\">\n      <a target=\"_blank\" href=\"https:\/\/www.plan.pl\/\" rel=\"noopener\">\n        <img decoding=\"async\" width=\"250px\" src=\"\/images\/partnerzy\/plan.png\">\n      <\/a>\n    <\/td>\n  <\/tr>\n  <tr>\n    <td colspan=\"2\" style=\"border-bottom:1px solid black; text-align: justify;\">\n\tStudio PLAN ma w swojej ofercie mapy turystyczne, plany miast, mapy \u015bcienne, mapy rysunkowe, atlasy, tablice, katalogi, foldery reklamowe.\n\t<\/td>\n  <\/tr>\n  \n  <tr>\n    <td colspan=\"2\">\n      <a target=\"_blank\" href=\"https:\/\/www.peri.com.pl\/\" rel=\"noopener\">\n        <img decoding=\"async\" width=\"250px\" src=\"\/images\/partnerzy\/peri.png\" alt=\"PERI Polska\">\n      <\/a>\n    <\/td>\n  <\/tr>\n  <tr>\n    <td colspan=\"2\" style=\"border-bottom:1px solid black; text-align: justify;\">\n\tDostarczamy systemy deskowa\u0144, rusztowa\u0144, a tak\u017ce akcesoria budowlane oraz sklejk\u0119.Sprawiamy, \u017ce realizacja budowy jest bardziej wydajna, szybsza i bezpieczniejsza. Nasi eksperci sprostaj\u0105 ka\u017cdemu wyzwaniu Klienta. Budujemy oparte na zaufaniu, trwa\u0142e i partnerskie relacje. Nasze do\u015bwiadczenie z najwi\u0119kszych projekt\u00f3w mo\u017cesz wykorzysta\u0107 na swojej budowie.\n\t<\/td>\n  <\/tr>\n  \n  <tr>\n    <td colspan=\"2\">\n      <a target=\"_blank\" href=\"https:\/\/sledzgps.pl\/\" rel=\"noopener\">\n        <img decoding=\"async\" width=\"250px\" src=\"\/images\/partnerzy\/sledzgps.png\" alt=\"\u015aled\u017aGPS\">\n      <\/a>\n    <\/td>\n  <\/tr>\n  <tr>\n    <td colspan=\"2\" style=\"border-bottom:1px solid black; text-align: justify;\">\n\t\u015aled\u017aGPS to rozwi\u0105zanie pozwalaj\u0105ce kibicom \u015bledzi\u0107 przebieg zawod\u00f3w. Jest to r\u00f3wnie\u017c \u015bwietna propozycja dla organizator\u00f3w imprez, dzi\u0119ki kt\u00f3rej mog\u0105 kontrolowa\u0107 i z wyprzedzeniem reagowa\u0107 na to co dzieje si\u0119 na trasie. Polecamy na biegi na orientacj\u0119, rajdy przygodowe, biegi g\u00f3rskie, maratony MTB, rajdy samochodowe i ultramaratony.\n\t<\/td>\n  <\/tr>\n\n  <tr>\n    <td colspan=\"2\">\n      <a target=\"_blank\" href=\"https:\/\/spjmedia.pl\/\" rel=\"noopener\">\n        <img decoding=\"async\" width=\"250px\" src=\"\/images\/partnerzy\/spj_media.png\">\n      <\/a>\n    <\/td>\n  <\/tr>\n  <tr>\n    <td colspan=\"2\" style=\"border-bottom:1px solid black; text-align: justify;\">SPJ MEDIA to firma i ludzie zajmuj\u0105cy si\u0119 produkcj\u0105 i realizacj\u0105 film\u00f3w oraz program\u00f3w telewizyjnych. Wieloletnie do\u015bwiadczenie pozwala nam tworzy\u0107 ka\u017cdy gatunek opowie\u015bci audiowizualnej; reporta\u017ce, teledyski, programy telewizyjne, reklamy, animacje, programy edukacyjne, filmy dokumentalne i promocyjne.<\/td>\n  <\/tr>\n\n  <tr>\n    <td colspan=\"2\">\n      <a target=\"_blank\" href=\"https:\/\/www.facebook.com\/profile.php?id=100063701162093\" rel=\"noopener\">\n        <img decoding=\"async\" width=\"250px\" src=\"\/images\/partnerzy\/dj_doktor.jpg\">\n      <\/a>\n    <\/td>\n  <\/tr>\n  <tr>\n    <td colspan=\"2\" style=\"border-bottom:1px solid black; text-align: justify;\">\n\t\n\t<\/td>\n  <\/tr>\n\n\n\n<!--\n  <tr>\n    <td colspan=\"2\">\n      <a target=\"_blank\" href=\"\" rel=\"noopener\">\n        <img decoding=\"async\" width=\"250px\" src=\"\/images\/partnerzy\/.jpg\">\n      <\/a>\n    <\/td>\n  <\/tr>\n  <tr>\n    <td colspan=\"2\" style=\"border-bottom:1px solid black; text-align: justify;\">\n\t\n\t<\/td>\n  <\/tr>\n\n\n  <tr>\n    <td colspan=\"2\">\n      <img decoding=\"async\" width=\"125px\" src=\"\/images\/partnerzy\/nszzfipw.png\">\n    <\/td>\n  <\/tr>\n  <tr>\n    <td colspan=\"2\" style=\"border-bottom:1px solid black; text-align: justify;\">Zarz\u0105d Terenowy NSZZ Funkcjonariuszy i Pracownik\u00f3w Wi\u0119ziennictwa w Zak\u0142adzie Karnym w Zar\u0119bie<\/td>\n  <\/tr>\n  <tr>\n    <td>\n      <img decoding=\"async\" width=\"125px\" src=\"\/images\/partnerzy\/nszzfipw.png\">\n    <\/td>\n    <td width=\"250px\">\n      <img decoding=\"async\" src=\"\/images\/partnerzy\/sponsor.png\">\n    <\/td>\n  <\/tr>\n  <tr>\n    <td colspan=\"2\" style=\"border-bottom:1px solid black; text-align: justify;\">Zarz\u0105d Terenowy NSZZ Funkcjonariuszy i Pracownik\u00f3w Wi\u0119ziennictwa w Zak\u0142adzie Karnym nr 1 we Wroc\u0142awiu<\/td>\n  <\/tr>\n  <tr>\n    <td colspan=\"2\">\n      <img decoding=\"async\" width=\"125px\" src=\"\/images\/partnerzy\/nszzfipw.png\">\n    <\/td>\n  <\/tr>\n  <tr>\n    <td colspan=\"2\" style=\"border-bottom:1px solid black; text-align: justify;\">Zarz\u0105d Terenowy NSZZ Funkcjonariuszy i Pracownik\u00f3w Wi\u0119ziennictwa w Zak\u0142adzie Karnym w Wo\u0142owie<\/td>\n  <\/tr>\n  <tr>\n    <td colspan=\"2\">\n      <img decoding=\"async\" width=\"125px\" src=\"\/images\/partnerzy\/nszzfipw.png\">\n    <\/td>\n  <\/tr>\n  <tr>\n    <td colspan=\"2\" style=\"border-bottom:1px solid black; text-align: justify;\">Zarz\u0105d Terenowy NSZZ Funkcjonariuszy i Pracownik\u00f3w Wi\u0119ziennictwa w Zak\u0142adzie Karnym w K\u0142odzku<\/td>\n  <\/tr>\n  <tr>\n    <td>\n      <a target=\"_blank\" href=\"http:\/\/www.ecodomy.pl\/\" rel=\"noopener\">\n        <img decoding=\"async\" width=\"250px\" src=\"\/images\/partnerzy\/ecodomypl.jpg\">\n      <\/a>\n    <\/td>\n    <td width=\"250px\">\n      <img decoding=\"async\" src=\"\/images\/partnerzy\/sponsor.png\">\n    <\/td>\n  <\/tr>\n  <tr>\n    <td colspan=\"2\" style=\"border-bottom:1px solid black; text-align: justify;\">Pracownia projektowa ecodomy.pl ma w swojej ofercie domy o nowoczesnym designie i prostych bry\u0142ach. Dzi\u0119ki temu s\u0105 nie tylko tanie w budowie, ale i p\u00f3\u017aniejszej eksploatacji. Nasz\u0105 specjalno\u015bci\u0105 s\u0105 domy w zabudowie bli\u017aniaczej, dwulokalowej i szeregowej. Dbamy o ka\u017cdy detal, ka\u017cdy nasz projekt jest przemy\u015blany w najdrobniejszym szczeg\u00f3le. Dzi\u0119ki doskona\u0142ej znajomo\u015bci bran\u017cy i aktualnych trend\u00f3w pomo\u017cemy zrealizowa\u0107 marzenie o w\u0142asnym domu!<\/td>\n  <\/tr>\n  <tr>\n    <td colspan=\"2\">\n      <img decoding=\"async\" width=\"125px\" src=\"\/images\/partnerzy\/nszzfipw.png\">\n    <\/td>\n  <\/tr>\n  <tr>\n    <td colspan=\"2\" style=\"border-bottom:1px solid black; text-align: justify;\">Zarz\u0105d Terenowy NSZZ Funkcjonariuszy i Pracownik\u00f3w Wi\u0119ziennictwa w Zak\u0142adzie Karnym w Strzelinie<\/td>\n  <\/tr>\n  <tr>\n    <td>\n      <a target=\"_blank\" href=\"https:\/\/willazimowit.pl\/\" rel=\"noopener\">\n        <img decoding=\"async\" width=\"250px\" src=\"\/images\/partnerzy\/zimowit.png\">\n      <\/a>\n    <\/td>\n    <td width=\"250px\">\n      <img decoding=\"async\" src=\"\/images\/partnerzy\/sponsor.png\">\n    <\/td>\n  <\/tr>\n  <tr>\n    <td colspan=\"2\" style=\"border-bottom:1px solid black; text-align: justify;\">O\u015brodek Wypoczynkowo-Szkoleniowy \"Zimowit\" w Wi\u015ble to idealne miejsce wypoczynku, przygotowania konferencji, zjazdu rodzinnego, kongresu, organizacji plenerowych event\u00f3w i aktywnego sp\u0119dzania czasu. Po\u0142o\u017cony blisko brzegu rzeki Wis\u0142y w zacisznym zak\u0105tku o\u015brodek oferuje swoim klientom zaplecze dydaktyczno-szkoleniowe, gastronomiczne i baz\u0119 hotelow\u0105. Usytuowany w malowniczych Beskidach w pobli\u017cu las\u00f3w w oddaleniu od g\u0142\u00f3wnych szlak\u00f3w komunikacyjnych, gwarantuje \u015bwie\u017ce powietrze, bliski kontakt z natur\u0105 oraz wiele ciekawych atrakcji. Dogodny dojazd, urokliwa okolica, profesjonalna obs\u0142uga oraz komfortowe warunki pobytu, a tak\u017ce liczne wyci\u0105gi ca\u0142oroczne, kt\u00f3re ciesz\u0105 si\u0119, szczeg\u00f3lnie w zimie, uznaniem narciarzy i przyci\u0105gaj\u0105 wielu turyst\u00f3w. Nieopodal o\u015brodka jest stacja kolejowa, dworzec autobusowy, a \u015bcis\u0142e centrum Wis\u0142y oddalone jest o kilka minut drogi pieszo.<\/td>\n  <\/tr>\n-->\n<\/table>\n\n\n\n<p><\/p>\n","protected":false},"excerpt":{"rendered":"<p><a href=\"https:\/\/rys-nocnyrajd.pl\/?page_id=1018\" class=\"more-link\"><span class=\"more-button\"><span class=\"screen-reader-text\">XIII EDYCJA<\/span><\/span><\/a><\/p>\n","protected":false},"author":1,"featured_media":0,"parent":284,"menu_order":0,"comment_status":"closed","ping_status":"closed","template":"","meta":{"footnotes":""},"class_list":["post-1018","page","type-page","status-publish","hentry"],"_links":{"self":[{"href":"https:\/\/rys-nocnyrajd.pl\/index.php?rest_route=\/wp\/v2\/pages\/1018","targetHints":{"allow":["GET"]}}],"collection":[{"href":"https:\/\/rys-nocnyrajd.pl\/index.php?rest_route=\/wp\/v2\/pages"}],"about":[{"href":"https:\/\/rys-nocnyrajd.pl\/index.php?rest_route=\/wp\/v2\/types\/page"}],"author":[{"embeddable":true,"href":"https:\/\/rys-nocnyrajd.pl\/index.php?rest_route=\/wp\/v2\/users\/1"}],"replies":[{"embeddable":true,"href":"https:\/\/rys-nocnyrajd.pl\/index.php?rest_route=%2Fwp%2Fv2%2Fcomments&post=1018"}],"version-history":[{"count":11,"href":"https:\/\/rys-nocnyrajd.pl\/index.php?rest_route=\/wp\/v2\/pages\/1018\/revisions"}],"predecessor-version":[{"id":1165,"href":"https:\/\/rys-nocnyrajd.pl\/index.php?rest_route=\/wp\/v2\/pages\/1018\/revisions\/1165"}],"up":[{"embeddable":true,"href":"https:\/\/rys-nocnyrajd.pl\/index.php?rest_route=\/wp\/v2\/pages\/284"}],"wp:attachment":[{"href":"https:\/\/rys-nocnyrajd.pl\/index.php?rest_route=%2Fwp%2Fv2%2Fmedia&parent=1018"}],"curies":[{"name":"wp","href":"https:\/\/api.w.org\/{rel}","templated":true}]}}