{"id":1130,"date":"2025-09-02T22:26:09","date_gmt":"2025-09-02T20:26:09","guid":{"rendered":"https:\/\/rys-nocnymaraton.pl\/?page_id=1130"},"modified":"2025-09-03T00:09:53","modified_gmt":"2025-09-02T22:09:53","slug":"odznaka","status":"publish","type":"page","link":"https:\/\/rys-nocnyrajd.pl\/?page_id=1130","title":{"rendered":"Odznaka"},"content":{"rendered":"\n<figure class=\"wp-block-image size-large is-style-rounded\"><img decoding=\"async\" src=\"https:\/\/rys-nocnyrajd.pl\/images\/odznaki.png\" alt=\"\"\/><\/figure>\n\n\n\n<p>Od XIII edycji Nocnego Rajdu z Przygodami &#8222;RY\u015a&#8221;, wprowadzamy nowy spos\u00f3b uhonorowania naszych najbardziej wytrwa\u0142ych uczestnik\u00f3w \u2013 Odznak\u0119 RYSIA w trzech stopniach: br\u0105zow\u0105, srebrn\u0105 i z\u0142ot\u0105. To forma wyrazu uznania dla tych, kt\u00f3rzy od lat wspieraj\u0105 nas swoj\u0105 obecno\u015bci\u0105, a jednocze\u015bnie dodatkowa motywacja dla nowych uczestnik\u00f3w, by wraca\u0107 na szlak RYSIA.<\/p>\n\n\n\n<p>Ka\u017cda z odznak symbolizuje inny poziom do\u015bwiadczenia:<\/p>\n\n\n\n<p>Br\u0105zowa odznaka \u2013 przyznawana po uko\u0144czeniu 3 edycji RYSIA,<\/p>\n\n\n\n<p>Srebrna odznaka \u2013 za uko\u0144czenie 6 edycji RYSIA,<\/p>\n\n\n\n<p>Z\u0142ota odznaka \u2013 dla prawdziwych weteran\u00f3w, kt\u00f3rzy uko\u0144czyli co najmniej 10 edycji RYSIA.<\/p>\n\n\n\n<p>Po szczeg\u00f3\u0142y dotycz\u0105ce zasad przyznawania odznak zapraszamy do zapoznania si\u0119 z Regulaminem RYSIA. Zestawienie udzia\u0142u uczestnik\u00f3w publikowane b\u0119dzie od XIII edycji.<\/p>\n","protected":false},"excerpt":{"rendered":"<p><a href=\"https:\/\/rys-nocnyrajd.pl\/?page_id=1130\" class=\"more-link\"><span class=\"more-button\"><span class=\"screen-reader-text\">Odznaka<\/span><\/span><\/a><\/p>\n","protected":false},"author":1,"featured_media":0,"parent":0,"menu_order":0,"comment_status":"closed","ping_status":"closed","template":"","meta":{"footnotes":""},"class_list":["post-1130","page","type-page","status-publish","hentry"],"_links":{"self":[{"href":"https:\/\/rys-nocnyrajd.pl\/index.php?rest_route=\/wp\/v2\/pages\/1130","targetHints":{"allow":["GET"]}}],"collection":[{"href":"https:\/\/rys-nocnyrajd.pl\/index.php?rest_route=\/wp\/v2\/pages"}],"about":[{"href":"https:\/\/rys-nocnyrajd.pl\/index.php?rest_route=\/wp\/v2\/types\/page"}],"author":[{"embeddable":true,"href":"https:\/\/rys-nocnyrajd.pl\/index.php?rest_route=\/wp\/v2\/users\/1"}],"replies":[{"embeddable":true,"href":"https:\/\/rys-nocnyrajd.pl\/index.php?rest_route=%2Fwp%2Fv2%2Fcomments&post=1130"}],"version-history":[{"count":4,"href":"https:\/\/rys-nocnyrajd.pl\/index.php?rest_route=\/wp\/v2\/pages\/1130\/revisions"}],"predecessor-version":[{"id":1154,"href":"https:\/\/rys-nocnyrajd.pl\/index.php?rest_route=\/wp\/v2\/pages\/1130\/revisions\/1154"}],"wp:attachment":[{"href":"https:\/\/rys-nocnyrajd.pl\/index.php?rest_route=%2Fwp%2Fv2%2Fmedia&parent=1130"}],"curies":[{"name":"wp","href":"https:\/\/api.w.org\/{rel}","templated":true}]}}