{"id":273,"date":"2023-04-10T13:50:31","date_gmt":"2023-04-10T12:50:31","guid":{"rendered":"https:\/\/rys-nocnymaraton.pl\/wp\/?page_id=273"},"modified":"2026-02-13T23:20:47","modified_gmt":"2026-02-13T21:20:47","slug":"kontakt","status":"publish","type":"page","link":"https:\/\/rys-nocnyrajd.pl\/?page_id=273","title":{"rendered":"Kontakt"},"content":{"rendered":"\n<div id=\"kontener\" style=\"border: 1px solid #4b5673; margin: 70px auto 40px auto; width: 520px; padding: 50px;\">\nJe\u017celi masz do nas jakie\u015b pytania, b\u0105d\u017a chcesz podzieli\u0107 si\u0119 swoj\u0105 opini\u0105, napisz do nas na adres <a href=\"mailto:patryk.aszkielowicz@rys-nocnyrajd.pl\">patryk.aszkielowicz@rys-nocnyrajd.pl<\/a>\n<\/div>\n","protected":false},"excerpt":{"rendered":"<p><a href=\"https:\/\/rys-nocnyrajd.pl\/?page_id=273\" class=\"more-link\"><span class=\"more-button\"><span class=\"screen-reader-text\">Kontakt<\/span><\/span><\/a><\/p>\n","protected":false},"author":1,"featured_media":0,"parent":0,"menu_order":0,"comment_status":"closed","ping_status":"closed","template":"","meta":{"footnotes":""},"class_list":["post-273","page","type-page","status-publish","hentry"],"_links":{"self":[{"href":"https:\/\/rys-nocnyrajd.pl\/index.php?rest_route=\/wp\/v2\/pages\/273","targetHints":{"allow":["GET"]}}],"collection":[{"href":"https:\/\/rys-nocnyrajd.pl\/index.php?rest_route=\/wp\/v2\/pages"}],"about":[{"href":"https:\/\/rys-nocnyrajd.pl\/index.php?rest_route=\/wp\/v2\/types\/page"}],"author":[{"embeddable":true,"href":"https:\/\/rys-nocnyrajd.pl\/index.php?rest_route=\/wp\/v2\/users\/1"}],"replies":[{"embeddable":true,"href":"https:\/\/rys-nocnyrajd.pl\/index.php?rest_route=%2Fwp%2Fv2%2Fcomments&post=273"}],"version-history":[{"count":4,"href":"https:\/\/rys-nocnyrajd.pl\/index.php?rest_route=\/wp\/v2\/pages\/273\/revisions"}],"predecessor-version":[{"id":1180,"href":"https:\/\/rys-nocnyrajd.pl\/index.php?rest_route=\/wp\/v2\/pages\/273\/revisions\/1180"}],"wp:attachment":[{"href":"https:\/\/rys-nocnyrajd.pl\/index.php?rest_route=%2Fwp%2Fv2%2Fmedia&parent=273"}],"curies":[{"name":"wp","href":"https:\/\/api.w.org\/{rel}","templated":true}]}}