{"id":472,"date":"2023-04-19T18:56:16","date_gmt":"2023-04-19T17:56:16","guid":{"rendered":"https:\/\/rys-nocnymaraton.pl\/wp\/?page_id=472"},"modified":"2023-04-19T18:56:17","modified_gmt":"2023-04-19T17:56:17","slug":"vi-edycja","status":"publish","type":"page","link":"https:\/\/rys-nocnyrajd.pl\/?page_id=472","title":{"rendered":"VI EDYCJA"},"content":{"rendered":"\n<table class=\"lista\">\n\t\t<tbody><tr>\n\t\t<td style=\"padding-bottom: 50px;\"><img decoding=\"async\" width=\"70%\" src=\"\/images\/patronat-honorowy\/dosw.png\"><\/td>\n\t\t<td style=\"padding-bottom: 50px;\">DYREKTOR OKR\u0118GOWY S\u0141U\u017bBY WI\u0118ZIENNEJ WE WROC\u0141AWIU<\/td>\n\t\t<\/tr><tr>\n\t\t<td style=\"padding-bottom: 50px;\"><img decoding=\"async\" width=\"70%\" src=\"\/images\/patronat-honorowy\/bmig.png\"><\/td>\n\t\t<td style=\"padding-bottom: 50px;\">BURMISTRZ MIASTA I GMINY K\u0104TY WROC\u0141AWSKIE<\/td>\n\t\t<\/tr><tr>\n\t\t<td style=\"padding-bottom: 0px;\"><img decoding=\"async\" width=\"70%\" src=\"\/images\/patronat-honorowy\/wgm.png\"><\/td>\n\t\t<td style=\"padding-bottom: 0px;\">W\u00d3JT GMINY MIETK\u00d3W<\/td>\n\t\t<\/tr><\/tbody>\n<\/table>\n","protected":false},"excerpt":{"rendered":"<p><a href=\"https:\/\/rys-nocnyrajd.pl\/?page_id=472\" class=\"more-link\"><span class=\"more-button\"><span class=\"screen-reader-text\">VI EDYCJA<\/span><\/span><\/a><\/p>\n","protected":false},"author":1,"featured_media":0,"parent":276,"menu_order":0,"comment_status":"closed","ping_status":"closed","template":"","meta":{"footnotes":""},"class_list":["post-472","page","type-page","status-publish","hentry"],"_links":{"self":[{"href":"https:\/\/rys-nocnyrajd.pl\/index.php?rest_route=\/wp\/v2\/pages\/472","targetHints":{"allow":["GET"]}}],"collection":[{"href":"https:\/\/rys-nocnyrajd.pl\/index.php?rest_route=\/wp\/v2\/pages"}],"about":[{"href":"https:\/\/rys-nocnyrajd.pl\/index.php?rest_route=\/wp\/v2\/types\/page"}],"author":[{"embeddable":true,"href":"https:\/\/rys-nocnyrajd.pl\/index.php?rest_route=\/wp\/v2\/users\/1"}],"replies":[{"embeddable":true,"href":"https:\/\/rys-nocnyrajd.pl\/index.php?rest_route=%2Fwp%2Fv2%2Fcomments&post=472"}],"version-history":[{"count":1,"href":"https:\/\/rys-nocnyrajd.pl\/index.php?rest_route=\/wp\/v2\/pages\/472\/revisions"}],"predecessor-version":[{"id":473,"href":"https:\/\/rys-nocnyrajd.pl\/index.php?rest_route=\/wp\/v2\/pages\/472\/revisions\/473"}],"up":[{"embeddable":true,"href":"https:\/\/rys-nocnyrajd.pl\/index.php?rest_route=\/wp\/v2\/pages\/276"}],"wp:attachment":[{"href":"https:\/\/rys-nocnyrajd.pl\/index.php?rest_route=%2Fwp%2Fv2%2Fmedia&parent=472"}],"curies":[{"name":"wp","href":"https:\/\/api.w.org\/{rel}","templated":true}]}}