{"id":493,"date":"2023-04-19T19:17:01","date_gmt":"2023-04-19T18:17:01","guid":{"rendered":"https:\/\/rys-nocnymaraton.pl\/wp\/?page_id=493"},"modified":"2023-04-19T19:20:08","modified_gmt":"2023-04-19T18:20:08","slug":"v-edycja","status":"publish","type":"page","link":"https:\/\/rys-nocnyrajd.pl\/?page_id=493","title":{"rendered":"V EDYCJA"},"content":{"rendered":"\n\t\t<table border=\"0\" cellpadding=\"10\" class=\"lista\">\n\t\t<tr>\n\t\t<td><img decoding=\"async\" width=\"125px\" src=\"\/images\/partnerzy\/nszzfipw.png\"><\/td>\n\t\t<td width=\"250px\"><img decoding=\"async\" src=\"\/images\/partnerzy\/sponsor.png\"><\/td>\n\t\t<\/tr>\n\t\t<tr><td colspan=\"2\" style=\"border-bottom:1px solid black; text-align: justify;\">ZARZ\u0104D OKR\u0118GOWY NSZZFiPW WE WROC\u0141AWIU<\/td><\/tr>\n\t\t\n\t\t<tr>\n\t\t<td><img decoding=\"async\" width=\"125px\" src=\"\/images\/partnerzy\/nszzfipw.png\"><\/td>\n\t\t<td width=\"250px\"><img decoding=\"async\" src=\"\/images\/partnerzy\/sponsor.png\"><\/td>\n\t\t<\/tr>\n\t\t<tr><td colspan=\"2\" style=\"border-bottom:1px solid black; text-align: justify;\">ZARZ\u0104D TERENOWY NSZZFiPW PRZY ZAK\u0141ADZIE KARNYM NR 1 WE WROC\u0141AWIU<\/td><\/tr>\n\t\t\n\t\t<tr>\n\t\t<td colspan=\"2\"><a target=\"_blank\" href=\"http:\/\/www.pw.info.pl\/index.html\" rel=\"noopener\"><img decoding=\"async\" src=\"\/images\/partnerzy\/pw.jpg\"><\/a><\/td>\n\t\t<\/tr>\n\t\t<tr><td colspan=\"2\" style=\"border-bottom:1px solid black; text-align: justify;\">Firma PW zajmuje si\u0119 zabezpieczeniem i transportem medycznym od 2006. Dzi\u0119ki naszej wykwalifikowanej kadrze sk\u0142adaj\u0105cej si\u0119 z do\u015bwiadczonych ratownik\u00f3w medycznych, kierowc\u00f3w ratownik\u00f3w i lekarzy mo\u017cemy zapewni\u0107 obs\u0142ug\u0119 medyczn\u0105 ka\u017cdej imprezy masowej na najwy\u017cszym poziomie. Dzi\u0119ki po\u0142\u0105czeniu wykwalifikowanego zespo\u0142u i sprz\u0119tu medycznego na europejskim poziomie jeste\u015bmy w stanie zaoferowa\u0107 zabezpieczenie medyczne najwy\u017cszej jako\u015bci.<\/td><\/tr>\t\t\n\t\t\n\t\t<tr>\n\t\t<td colspan=\"2\"><img decoding=\"async\" src=\"\/images\/partnerzy\/festa_sport.jpg\"><\/td>\n\t\t<\/tr>\n\t\t<tr><td colspan=\"2\" style=\"border-bottom:1px solid black; text-align: justify;\">Festa Sport jest m\u0142od\u0105, pr\u0119\u017cnie dzia\u0142aj\u0105ca firm\u0105 zajmuj\u0105c\u0105 si\u0119 sprzeda\u017c\u0105 detaliczn\u0105 oraz hurtow\u0105 odzie\u017cy, sprz\u0119tu sportowego, puchar\u00f3w i medali dla klub\u00f3w, szk\u00f3\u0142, instytucji bud\u017cetowych oraz zak\u0142ad\u00f3w pracy.<\/td><\/tr>\t\t\n\t\t\n\t\t<tr>\n\t\t<td><a target=\"_blank\" href=\"http:\/\/www.rtcom.pl\/\" rel=\"noopener\"><img decoding=\"async\" width=\"125px\" src=\"\/images\/partnerzy\/rt_com.jpg\"><\/a><\/td>\n\t\t<\/tr>\n\t\t<tr><td colspan=\"2\" style=\"border-bottom:1px solid black; text-align: justify;\">RTcom to do\u015bwiadczona i dzia\u0142aj\u0105ca od 2011 firma zajmuj\u0105ca si\u0119 dystrybucj\u0105 oraz sprzeda\u017c\u0105 szerokiej gamy urz\u0105dze\u0144 radiokomunikacyjnych. Nasz zesp\u00f3\u0142 tworz\u0105 do\u015bwiadczeni pracownicy o d\u0142ugim sta\u017cu i do\u015bwiadczeniu w tej bran\u017cy. Naszymi najwi\u0119kszymi atutami s\u0105 wiedza, kompetencje oraz kwalifikacje. Stawiamy na ci\u0105g\u0142y rozw\u00f3j oraz umacnianie pozycji sprawdzonego i pewnego partnera biznesowego. Nasi klienci to s\u0142u\u017cby administracji publicznej, zak\u0142ady przemys\u0142owe, agencje ochrony, porty lotnicze oraz ci wszyscy, dla kt\u00f3rych \u0142\u0105czno\u015b\u0107 radiowa to narz\u0119dzie pracy.<\/td><\/tr>\n\t\t\n\t\t<tr>\n\t\t<td colspan=\"2\"><a target=\"_blank\" href=\"http:\/\/www.smwroclaw.pl\/\" rel=\"noopener\"><img decoding=\"async\" width=\"250px\" src=\"\/images\/partnerzy\/straz_miejska_wroclawia.jpg\"><\/a><\/td>\n\t\t<\/tr>\n\t\t<tr><td colspan=\"2\" style=\"border-bottom:1px solid black; text-align: justify;\">Stra\u017c Miejska Wroc\u0142awia zosta\u0142a powo\u0142ana 25 wrze\u015bnia 1991 r. przez Prezydenta Miasta Wroc\u0142awia od tego momentu pe\u0142ni wa\u017cn\u0105 rol\u0119 w \u017cyciu spo\u0142ecznym mieszka\u0144c\u00f3w aglomeracji wroc\u0142awskiej. Stra\u017cnicy anga\u017cuj\u0105 si\u0119 we wszelkie akcje prospo\u0142eczne, wspieraj\u0105 inicjatywy lokalne jak r\u00f3wnie\u017c czynnie uczestnicz\u0105 w ratowaniu \u017cycia i zdrowia. Honorowe krwiodawstwo czy pomoc dzieciom z chorob\u0105 nowotworow\u0105 to tylko przyk\u0142ady dzia\u0142a\u0144 wroc\u0142awskich stra\u017cnik\u00f3w.<\/td><\/tr>\t\t\n\n\t\t<tr>\n\t\t<td colspan=\"2\"><a target=\"_blank\" href=\"http:\/\/www.verticalteam.pl\/\" rel=\"noopener\"><img decoding=\"async\" width=\"250px\" src=\"\/images\/partnerzy\/vertical_team.png\"><\/a><\/td>\n\t\t<\/tr>\n\t\t<tr><td colspan=\"2\" style=\"border-bottom:1px solid black; text-align: justify;\">Firm\u0119 Vertical Team tworzy zgrany zesp\u00f3\u0142 pozytywnie nastawionych do \u017cycia ludzi. Naszym g\u0142\u00f3wnym atutem jest podej\u015bcie do pracy. Robimy to, co lubimy, a nasza praca jest jednocze\u015bnie nasz\u0105 pasj\u0105. Zajmujemy si\u0119 szkoleniami z technik wysoko\u015bciowych, pierwszej pomocy, p-po\u017c i BHP. W wolnych chwilach organizujemy niezapomniane extremalne eventy w Polsce i na \u015bwiecie.<\/td><\/tr>\t\t\n\t\t\n\t\t<tr>\n\t\t<td colspan=\"2\"><a target=\"_blank\" href=\"http:\/\/www.monsun.com.pl\" rel=\"noopener\"><img decoding=\"async\" width=\"250px\" src=\"\/images\/partnerzy\/monsun.jpg\"><\/a><\/td>\n\t\t<\/tr>\n\t\t<tr><td colspan=\"2\" style=\"border-bottom:1px solid black; text-align: justify;\">Z pasj\u0105 tworzymy medale &#8211; istniejemy od kwietnia 2001 r. Dzia\u0142amy w bran\u017cy sportowo-turystycznej. W maju 2005 r. uruchomili\u015bmy internetow\u0105 witryn\u0119. Prowadzimy r\u00f3wnie\u017c sprzeda\u017c portalu allegro.pl.<\/td><\/tr>\t\t\t\n\t\t\n\t\t<tr>\n\t\t<td colspan=\"2\"><a target=\"_blank\" href=\"http:\/\/kancelaria-wasilewski.com\/\" rel=\"noopener\"><img decoding=\"async\" width=\"250px\" src=\"\/images\/partnerzy\/kp_wasilewski.jpg\"><\/a><\/td>\n\t\t<\/tr>\n\t\t<tr><td colspan=\"2\" style=\"border-bottom:1px solid black; text-align: justify;\">Kancelaria \u015bwiadczy us\u0142ugi zwi\u0105zane z wieloma obszarami wiedzy prawniczej, w szczeg\u00f3lno\u015bci jednak mo\u017ce si\u0119 poszczyci\u0107 du\u017cym do\u015bwiadczeniem z zakresu szeroko poj\u0119tej problematyki prawa nieruchomo\u015bci, a wi\u0119c zar\u00f3wno w aspekcie cywilnoprawnym (umowy deweloperskie, umowy w zakresie inwestycji budowlanych), jak i administracyjnoprawnym (gospodarowanie nieruchomo\u015bciami przez jednostki samorz\u0105du terytorialnego, planowanie i zagospodarowanie przestrzenne, prawo budowlane).<\/td><\/tr>\t\t\t\n\t\t\n\t\t<tr>\n\t\t<td><a target=\"_blank\" href=\"http:\/\/www.wislazimowit.pl\/\" rel=\"noopener\"><img decoding=\"async\" width=\"250px\" src=\"\/images\/partnerzy\/zimowit.png\"><\/a><\/td>\n\t\t<td width=\"250px\"><img decoding=\"async\" src=\"\/images\/partnerzy\/sponsor.png\"><\/td>\n\t\t<\/tr>\n\t\t<tr><td colspan=\"2\" style=\"border-bottom:1px solid black; text-align: justify;\">O\u015brodek Wypoczynkowo-Szkoleniowy &#8222;Zimowit&#8221; w Wi\u015ble to idealne miejsce wypoczynku, przygotowania konferencji, zjazdu rodzinnego, kongresu, organizacji plenerowych event\u00f3w i aktywnego sp\u0119dzania czasu. Po\u0142o\u017cony blisko brzegu rzeki Wis\u0142y w zacisznym zak\u0105tku o\u015brodek oferuje swoim klientom zaplecze dydaktyczno-szkoleniowe, gastronomiczne i baz\u0119 hotelow\u0105. Usytuowany w malowniczych Beskidach w pobli\u017cu las\u00f3w w oddaleniu od g\u0142\u00f3wnych szlak\u00f3w komunikacyjnych, gwarantuje \u015bwie\u017ce powietrze, bliski kontakt z natur\u0105 oraz wiele ciekawych atrakcji. Dogodny dojazd, urokliwa okolica, profesjonalna obs\u0142uga oraz komfortowe warunki pobytu, a tak\u017ce liczne wyci\u0105gi ca\u0142oroczne, kt\u00f3re ciesz\u0105 si\u0119, szczeg\u00f3lnie w zimie, uznaniem narciarzy i przyci\u0105gaj\u0105 wielu turyst\u00f3w. Nieopodal o\u015brodka jest stacja kolejowa, dworzec autobusowy, a \u015bcis\u0142e centrum Wis\u0142y oddalone jest o kilka minut drogi pieszo.<\/td><\/tr>\t\t\t\n\t\t\n\t\t<tr>\n\t\t<td><a target=\"_blank\" href=\"http:\/\/www.krucze-skaly.pl\/\" rel=\"noopener\"><img decoding=\"async\" width=\"250px\" src=\"\/images\/partnerzy\/krucze_skaly.png\"><\/a><\/td>\n\t\t<td width=\"250px\"><img decoding=\"async\" src=\"\/images\/partnerzy\/sponsor.png\"><\/td>\n\t\t<\/tr>\n\t\t<tr><td colspan=\"2\" style=\"border-bottom:1px solid black; text-align: justify;\">O\u015brodek konferencyjno-wypoczynkowy Krucze Ska\u0142y po\u0142o\u017cony jest u podn\u00f3\u017ca malowniczej grupy skalnej &#8222;Krucze Ska\u0142y&#8221; nad potokiem P\u0142omnica. Obiekt posiada 86 miejsc noclegowych w pokojach 1,2,3 osobowych. Tu\u017c przy O\u015brodku rozpoczynaj\u0105 sw\u00f3j bieg szlaki turystyczne. Z my\u015bl\u0105 o naszych go\u015bciach powsta\u0142y: kort tenisowy, plac zabawa, si\u0142ownia, sauna, bawialnia, dwie sale konferencyjne, monitorowany parking, sala gastronomiczna, zadaszone miejsce do grillowania.<\/td><\/tr>\t\t\t\n\n\t\t<tr>\n\t\t<td><a target=\"_blank\" href=\"http:\/\/www.podwiezami.karpacz.pl\/5637,oferta.html\" rel=\"noopener\"><img decoding=\"async\" width=\"250px\" src=\"\/images\/partnerzy\/willa_pod_wiezami.png\"><\/a><\/td>\n\t\t<td width=\"250px\"><img decoding=\"async\" src=\"\/images\/partnerzy\/sponsor.png\"><\/td>\n\t\t<\/tr>\n\t\t<tr><td colspan=\"2\" style=\"border-bottom:1px solid black; text-align: justify;\">Willa Pod Wie\u017cami po\u0142o\u017cona jest w Karpaczu g\u00f3rnym, w \u015brodkowej cz\u0119\u015bci, pomi\u0119dzy Bia\u0142y Jarem a \u015bwi\u0105tyni\u0105 Wang. Oferujemy go\u015bciom pokoje 1 osobowe, 2 osobowe oraz rodzinne 4 osobowe typu studio. Do dyspozycji go\u015bci jest r\u00f3wnie\u017c jadalnia wraz z mini aneksem kuchennym. &#8222;Willa Pod Wie\u017cami&#8221; uchodzi za kameralny obiekt noclegowy. Posiadamy prywatny, ogrodzony parking oraz bezp\u0142atne Wi-Fi.<\/td><\/tr>\t\t\t\n\n\t\t<tr>\n\t\t<td><a target=\"_blank\" href=\"http:\/\/www.ski-raft.pl\/\" rel=\"noopener\"><img decoding=\"async\" width=\"250px\" src=\"\/images\/partnerzy\/skiraft.jpg\"><\/a><\/td>\n\t\t<td width=\"250px\"><img decoding=\"async\" src=\"\/images\/partnerzy\/sponsor.png\"><\/td>\n\t\t<\/tr>\n\t\t<tr><td colspan=\"2\" style=\"border-bottom:1px solid black; text-align: justify;\">Firma Ski-Raft powsta\u0142a w wyniku po\u0142\u0105czenia dw\u00f3ch firm zajmuj\u0105cych si\u0119 organizowaniem aktywnego wypoczynku. W roku 2009 przyj\u0119li\u015bmy form\u0119 sp\u00f3\u0142ki cywilnej a od 2014 jeste\u015bmy sp\u00f3\u0142k\u0105 z ograniczon\u0105 odpowiedzialno\u015bci\u0105. Od roku 2009 dzia\u0142amy na terenie Ziemi K\u0142odzkiej i Z\u0105bkowickiej a nasz\u0105 g\u0142\u00f3wn\u0105 siedzib\u0105 jest Bardo Przysta\u0144 Wodna. Naszymi kluczowymi us\u0142ugami, nagradzanymi i wyr\u00f3\u017cnianymi w wielu konkursach i plebiscytach turystycznych i gospodarczych, s\u0105 Sp\u0142ywy Prze\u0142omem Bardzkim odbywaj\u0105ce si\u0119 na pontonach. Zim\u0105 organizujemy aktywny wypoczynek, kt\u00f3rego g\u0142\u00f3wn\u0105 atrakcj\u0105 s\u0105 narty, prowadzimy wypo\u017cyczalni\u0119 nart i sprz\u0119tu zimowego, serwis narciarski oraz szkolenia narciarskie. Organizujemy te\u017c zimowe sp\u0142ywy \u2013 zar\u00f3wno kajakami, jak r\u00f3wnie\u017c pontonami.<\/td><\/tr>\n\n\t\t<tr>\n\t\t<td colspan=\"2\"><a target=\"_blank\" href=\"http:\/\/www.plus-timing.pl\/\" rel=\"noopener\"><img decoding=\"async\" width=\"250px\" src=\"\/images\/partnerzy\/plus_timing.png\"><\/a><\/td>\n\t\t<\/tr>\n\t\t<tr><td colspan=\"2\" style=\"border-bottom:1px solid black; text-align: justify;\">Jako Plus-Timing zawsze walczymy aby ka\u017cde powierzone nam zawody by\u0142y sukcesem zar\u00f3wno dla zawodnik\u00f3w jak i organizator\u00f3w. Naszym celem jest w jak najwi\u0119kszym stopniu pom\u00f3c organizatorom w ich nie\u0142atwej pracy przed i w trakcie zawod\u00f3w.<\/td><\/tr>\n\n\t\t<tr>\n\t\t<td colspan=\"2\"><a target=\"_blank\" href=\"http:\/\/spjmedia.nazwa.pl\/spjtest\/\" rel=\"noopener\"><img decoding=\"async\" width=\"250px\" src=\"\/images\/partnerzy\/spj_media.png\"><\/a><\/td>\n\t\t<\/tr>\n\t\t<tr><td colspan=\"2\" style=\"border-bottom:1px solid black; text-align: justify;\">SPJ MEDIA to firma i ludzie zajmuj\u0105cy si\u0119 produkcj\u0105 i realizacj\u0105 film\u00f3w oraz program\u00f3w telewizyjnych. Wieloletnie do\u015bwiadczenie pozwala nam tworzy\u0107 ka\u017cdy gatunek opowie\u015bci audiowizualnej; reporta\u017ce, teledyski, programy telewizyjne, reklamy, animacje, programy edukacyjne, filmy dokumentalne i promocyjne.<\/td><\/tr>\n\n\t\t<tr>\n\t\t<td><a target=\"_blank\" href=\"http:\/\/www.skydive-wroclaw.com\/\" rel=\"noopener\"><img decoding=\"async\" width=\"250px\" src=\"\/images\/partnerzy\/skydive.png\"><\/a><\/td>\n\t\t<td width=\"250px\"><img decoding=\"async\" src=\"\/images\/partnerzy\/sponsor.png\"><\/td>\n\t\t<\/tr>\n\t\t<tr><td colspan=\"2\" style=\"border-bottom:1px solid black; text-align: justify;\">Wiemy, ile os\u00f3b marzy o skokach spadochronowych. Wiele. Ale spe\u0142ni\u0107 to pragnienie odwa\u017cy si\u0119 tylko garstka. Mo\u017ce to b\u0119dziesz w\u0142a\u015bnie Ty? Dlaczego nie? Czekamy na Ciebie w Skydive Wroc\u0142aw, jedynym miejscu we Wroc\u0142awiu, gdzie marzenia o lataniu mog\u0105 sta\u0107 si\u0119 rzeczywisto\u015bci\u0105. Strefa spadochronowa Skydive Wroc\u0142aw dzia\u0142a na terenie lotniska Aeroklubu Wroc\u0142awskiego w podwroc\u0142awskim Szymanowie, zaledwie 4 km na p\u00f3\u0142noc od granic miasta. Oferujemy pe\u0142en zakres szkole\u0144 spadochronowych: skoki w tandemie, szkolenie \u201ena lin\u0119\u201d oraz AFF.<\/td><\/tr>\n\t\t\n\t\t<tr>\n\t\t<td><a target=\"_blank\" href=\"http:\/\/www.adrenalina-park.pl\/\" rel=\"noopener\"><img decoding=\"async\" width=\"250px\" src=\"\/images\/partnerzy\/adrenalina_park.jpg\"><\/a><\/td>\n\t\t<td width=\"250px\"><img decoding=\"async\" src=\"\/images\/partnerzy\/sponsor.png\"><\/td>\n\t\t<\/tr>\n\t\t<tr><td colspan=\"2\" style=\"border-bottom:1px solid black; text-align: justify;\">W dolinie rzeki Strzegomka znajdziemy niesamowite \u017ar\u00f3d\u0142o przyp\u0142ywu mocnych wra\u017ce\u0144. Najwi\u0119kszy park rozrywki na Dolnym \u015al\u0105sku &#8211; Adrenalina Park to ponad 12,5 ha parku z wieloma atrakcjami dla dzieci i doros\u0142ych. To dobry pomys\u0142 na aktywne sp\u0119dzenie nie tylko sobotniego popo\u0142udnia. To fantastyczne miejsca na wycieczki szkolne, spotkania firmowe czy pikniki rodzinne. Poza parkiem linowym oferujemy minirafting Strzegomk\u0105 (trwaj\u0105cy ok. 1 h), wypo\u017cyczalnie quad\u00f3w, rower\u00f3w, liczne boiska do gry w siatk\u00f3wk\u0119 i pi\u0142k\u0119 no\u017cn\u0105, strzelnic\u0119 i ciesz\u0105cy si\u0119 du\u017c\u0105 popularno\u015bci\u0105 paintball. Skorzysta\u0107 mo\u017cna r\u00f3wnie\u017c z \u201etyrolki\u201d, czyli zjazdu na linie 155 lub 320 metr\u00f3w nad stawem w centrum parku. W\u015br\u00f3d nowych atrakcji, kt\u00f3re pojawi\u0142y si\u0119 niedawno jest mi\u0119dzy innymi bro\u0144 pneumatyczna i adrenolot. Na ten sezon mamy r\u00f3wnie\u017c nowy hit &#8211; segway. Pewnie ka\u017cdy si\u0119 zastanawia co to w\u0142a\u015bciwie jest? Przekonajcie si\u0119 sami. No i nie zapominajmy o zakr\u0119conym \u015bwiecie zorbingu czy eurobungy. Nie da si\u0119 wymieni\u0107 wszystkich atrakcji, kt\u00f3re na Was czekaj\u0105. Wpadnijcie, zobaczcie i podzielcie si\u0119 swoimi wra\u017ceniami z najbli\u017cszymi.<\/td><\/tr>\n\t\t\n\t\t<tr>\n\t\t<td><a target=\"_blank\" href=\"http:\/\/www.redisbad.pl\/\" rel=\"noopener\"><img decoding=\"async\" width=\"250px\" src=\"\/images\/partnerzy\/red_is_bad.png\"><\/a><\/td>\n\t\t<td width=\"250px\"><img decoding=\"async\" src=\"\/images\/partnerzy\/sponsor.png\"><\/td>\n\t\t<\/tr>\n\t\t<tr><td colspan=\"2\" style=\"border-bottom:1px solid black; text-align: justify;\">RED IS BAD to marka dla ludzi ceni\u0105cych wolno\u015b\u0107 i dumnych z polskiej historii. Przypominamy zapomnianych bohater\u00f3w oraz niepodleg\u0142o\u015bciowe zrywy naszych przodk\u00f3w. Jeste\u015bmy st\u0105d. Nie chcemy wyrzec si\u0119 tradycji. Nie boimy si\u0119 bra\u0107 spraw w swoje r\u0119ce. Wierzymy w prywatn\u0105 inicjatyw\u0119 i ci\u0119\u017ck\u0105 prac\u0119. Najwy\u017csza jako\u015b\u0107 i polska produkcja to dla nas sprawa kluczowa. By\u0107 mo\u017ce to nie przypadek, \u017ce RED IS BAD narodzi\u0142o si\u0119 w\u0142a\u015bnie tutaj &#8211; w Polsce. W kraju z pi\u0119kn\u0105 histori\u0105, kt\u00f3rego mieszka\u0144cy wolno\u015b\u0107 ceni\u0105 ponad wszystko. To Polacy powstrzymali czerwon\u0105 fal\u0119 w 1920 r., ratuj\u0105c Europ\u0119 przed zalewem bolszewizmu. To w Polsce podczas II Wojny \u015awiatowej powsta\u0142 najwi\u0119kszy i najlepiej zorganizowany ruch oporu w \u00f3wczesnej Europie. To Polacy nigdy nie pogodzili si\u0119 z panowaniem ZSRR. To tutaj bohaterowie podziemia zbrojnie walczyli z komunistami a\u017c do 1963 r. i to tutaj rozpocz\u0105\u0142 si\u0119 rozpad imperium z\u0142a, stworzonego przez Stalina. Pami\u0119\u0107 o tych dokonaniach pozwala nam dzi\u015b z optymizmem patrze\u0107 w przysz\u0142o\u015b\u0107.<\/td><\/tr>\n\t\t\n\t\t<tr>\n\t\t<td><a target=\"_blank\" href=\"https:\/\/www.pocztowy.pl\/indywidualni\/\" rel=\"noopener\"><img decoding=\"async\" width=\"250px\" src=\"\/images\/partnerzy\/bp.jpg\"><\/a><\/td>\n\t\t<td width=\"250px\"><img decoding=\"async\" src=\"\/images\/partnerzy\/sponsor.png\"><\/td>\n\t\t<\/tr>\n\t\t<tr><td colspan=\"2\" style=\"border-bottom:1px solid black; text-align: justify;\">Jeste\u015bmy polskim bankiem detalicznym. Nasz\u0105 misj\u0105 jest zapewnianie Klientom prostych, bezpiecznych us\u0142ug finansowych w dobrej cenie. Dzi\u0119ki strategicznemu partnerstwu z Poczt\u0105 Polsk\u0105 S.A. (posiada 75% minus 10 akcji Banku), dajemy swoim Klientom dost\u0119p do us\u0142ug finansowych za po\u015brednictwem jednej z najszerszych sieci plac\u00f3wek w Polsce licz\u0105cej oko\u0142o 4,6 tys. plac\u00f3wek pocztowych, w tym blisko 800 dedykowanych wy\u0142\u0105cznie do sprzeda\u017cy produkt\u00f3w finansowych plac\u00f3wek bankowych, Mikrooddzia\u0142\u00f3w oraz Pocztowych Stref Finansowych. Drugim akcjonariuszem Banku jest PKO BP S.A. (posiada 25% plus 10 akcji Banku). Specjalizujemy si\u0119 w najprostszych produktach bankowych oferowanych w polskich z\u0142otych dla Klient\u00f3w detalicznych (w tym os\u00f3b fizycznych prowadz\u0105cych w\u0142asn\u0105 dzia\u0142alno\u015b\u0107 gospodarcz\u0105), a tak\u017ce Klient\u00f3w instytucjonalnych. Prowadzimy r\u00f3wnie\u017c dzia\u0142alno\u015b\u0107 w segmencie rozliczeniowym i skarbowym.<\/td><\/tr>\n\t\t\n\t\t<tr>\n\t\t<td><a target=\"_blank\" href=\"http:\/\/www.szosowy.com\/\" rel=\"noopener\"><img decoding=\"async\" width=\"250px\" src=\"\/images\/partnerzy\/szosowy.jpg\"><\/a><\/td>\n\t\t<td width=\"250px\"><img decoding=\"async\" src=\"\/images\/partnerzy\/sponsor.png\"><\/td>\n\t\t<\/tr>\n\t\t<tr><td colspan=\"2\" style=\"border-bottom:1px solid black; text-align: justify;\">\u201eSklep <a href=\"http:\/\/www.szosowy.com\/\" target=\"_blank\" rel=\"noopener\">http:\/\/www.szosowy.com\/<\/a> jest przeznaczony dla kolarzy szosowych. W ofercie znajduj\u0105 si\u0119 rowery, odzie\u017c, akcesoria oraz obuwie, jak r\u00f3wnie\u017c wi\u0119kszo\u015b\u0107 produkt\u00f3w dla odmian MTB.\u201d<\/td><\/tr>\n\n\t\t<tr>\n\t\t<td colspan=\"2\"><a target=\"_blank\" href=\"https:\/\/www.facebook.com\/ASG.Grupa.Poludniowy.Zachod\" rel=\"noopener\"><img decoding=\"async\" width=\"250px\" src=\"\/images\/partnerzy\/gpz.jpg\"><\/a><\/td>\n\t\t<\/tr>\n\t\t<tr><td colspan=\"2\" style=\"border-bottom:1px solid black; text-align: justify;\">Grupa Po\u0142udniowy-Zach\u00f3d to amatorska dru\u017cyna sportowa, kt\u00f3ra powsta\u0142a z po\u0142\u0105czenia dw\u00f3ch, kiedy\u015b pr\u0119\u017cnie dzia\u0142aj\u0105cych w \u015brodowisku airsoftowym ekip na Dolnym \u015al\u0105sku DTR Brygady i OASG.<br \/><br \/>Ludzie po\u0142\u0105czeni wsp\u00f3ln\u0105 pasj\u0105 i z mn\u00f3stwem pozytywnej energii, kreatywnych, pe\u0142nych pasji i ch\u0119ci do dzia\u0142ania na r\u00f3\u017cnych p\u0142aszczyznach. Mieszanka wybuchowa w czystej postaci: student, kierowca rajdowy, artysta muzyk, ratownik medyczny, ojciec rodziny i przyk\u0142adny m\u0105\u017c, biznesmen &#8211; to tylko cz\u0119\u015b\u0107 tego co powoduje, \u017ce GPZ jest sama w sobie wyj\u0105tkowym zjawiskiem.<\/td><\/tr>\n\t\t\n\t\t<tr>\n\t\t<td colspan=\"2\"><a target=\"_blank\" href=\"http:\/\/rwr.pl\/\" rel=\"noopener\"><img decoding=\"async\" width=\"250px\" src=\"\/images\/partnerzy\/rwr.jpg\"><\/a><\/td>\n\t\t<\/tr>\n\t\t<tr><td colspan=\"2\" style=\"text-align: justify;\">Ratownictwo Wodne Rzeczpospolitej Oddzia\u0142 we Wroc\u0142awiu to podmiot uprawniony do wykonywania ratownictwa wodnego, kt\u00f3ry zamierza budowa\u0107 najlepsz\u0105, mo\u017cliw\u0105 jako\u015b\u0107 \u015bwiadczonych us\u0142ug. A wszystko to, dla dobra ratownik\u00f3w i ca\u0142ego spo\u0142ecze\u0144stwa. Na co dzie\u0144 odpowiadamy za zabezpieczenie imprez na wodzie oraz profilaktyk\u0119. Cz\u0119sto odwiedzamy szko\u0142y i inne plac\u00f3wki ucz\u0105c pierwszej pomocy i zasad bezpiecznego zachowania nad wod\u0105. Zapraszamy na organizowane przez nas kursy: ratownika wodnego, pierwszej pomocy (w tym KPP), ps\u00f3w ratowniczych wraz z przewodnikami, motorowodne, \u017ceglarskie i nurkowe. Do zobaczenia nad wod\u0105!<\/td><\/tr>\n\t\t\n\t\t\n\t\t\n\t\t<\/table>\n","protected":false},"excerpt":{"rendered":"<p><a href=\"https:\/\/rys-nocnyrajd.pl\/?page_id=493\" class=\"more-link\"><span class=\"more-button\"><span class=\"screen-reader-text\">V EDYCJA<\/span><\/span><\/a><\/p>\n","protected":false},"author":1,"featured_media":0,"parent":284,"menu_order":0,"comment_status":"closed","ping_status":"closed","template":"","meta":{"footnotes":""},"class_list":["post-493","page","type-page","status-publish","hentry"],"_links":{"self":[{"href":"https:\/\/rys-nocnyrajd.pl\/index.php?rest_route=\/wp\/v2\/pages\/493","targetHints":{"allow":["GET"]}}],"collection":[{"href":"https:\/\/rys-nocnyrajd.pl\/index.php?rest_route=\/wp\/v2\/pages"}],"about":[{"href":"https:\/\/rys-nocnyrajd.pl\/index.php?rest_route=\/wp\/v2\/types\/page"}],"author":[{"embeddable":true,"href":"https:\/\/rys-nocnyrajd.pl\/index.php?rest_route=\/wp\/v2\/users\/1"}],"replies":[{"embeddable":true,"href":"https:\/\/rys-nocnyrajd.pl\/index.php?rest_route=%2Fwp%2Fv2%2Fcomments&post=493"}],"version-history":[{"count":2,"href":"https:\/\/rys-nocnyrajd.pl\/index.php?rest_route=\/wp\/v2\/pages\/493\/revisions"}],"predecessor-version":[{"id":496,"href":"https:\/\/rys-nocnyrajd.pl\/index.php?rest_route=\/wp\/v2\/pages\/493\/revisions\/496"}],"up":[{"embeddable":true,"href":"https:\/\/rys-nocnyrajd.pl\/index.php?rest_route=\/wp\/v2\/pages\/284"}],"wp:attachment":[{"href":"https:\/\/rys-nocnyrajd.pl\/index.php?rest_route=%2Fwp%2Fv2%2Fmedia&parent=493"}],"curies":[{"name":"wp","href":"https:\/\/api.w.org\/{rel}","templated":true}]}}