{"id":497,"date":"2023-04-19T19:21:55","date_gmt":"2023-04-19T18:21:55","guid":{"rendered":"https:\/\/rys-nocnymaraton.pl\/wp\/?page_id=497"},"modified":"2023-04-19T19:21:55","modified_gmt":"2023-04-19T18:21:55","slug":"vi-edycja","status":"publish","type":"page","link":"https:\/\/rys-nocnyrajd.pl\/?page_id=497","title":{"rendered":"VI EDYCJA"},"content":{"rendered":"\n\t\t<table border=\"0\" cellpadding=\"10\" class=\"lista\">\n\n\t\t<tr>\n\t\t<td colspan=\"2\"><a target=\"_blank\" href=\"http:\/\/www.pw.info.pl\/index.html\" rel=\"noopener\"><img decoding=\"async\" src=\"\/images\/partnerzy\/pw.jpg\"><\/a><\/td>\n\t\t<\/tr>\n\t\t<tr><td colspan=\"2\" style=\"border-bottom:1px solid black; text-align: justify;\">Firma PW zajmuje si\u0119 zabezpieczeniem i transportem medycznym od 2006. Dzi\u0119ki naszej wykwalifikowanej kadrze sk\u0142adaj\u0105cej si\u0119 z do\u015bwiadczonych ratownik\u00f3w medycznych, kierowc\u00f3w ratownik\u00f3w i lekarzy mo\u017cemy zapewni\u0107 obs\u0142ug\u0119 medyczn\u0105 ka\u017cdej imprezy masowej na najwy\u017cszym poziomie. Dzi\u0119ki po\u0142\u0105czeniu wykwalifikowanego zespo\u0142u i sprz\u0119tu medycznego na europejskim poziomie jeste\u015bmy w stanie zaoferowa\u0107 zabezpieczenie medyczne najwy\u017cszej jako\u015bci.<\/td><\/tr>\t\t\n\t\t\n\t\t<tr>\n\t\t<td><a target=\"_blank\" href=\"http:\/\/www.rtcom.pl\/\" rel=\"noopener\"><img decoding=\"async\" width=\"125px\" src=\"\/images\/partnerzy\/rt_com.jpg\"><\/a><\/td>\n\t\t<\/tr>\n\t\t<tr><td colspan=\"2\" style=\"border-bottom:1px solid black; text-align: justify;\">RTcom to do\u015bwiadczona i dzia\u0142aj\u0105ca od 2011 firma zajmuj\u0105ca si\u0119 dystrybucj\u0105 oraz sprzeda\u017c\u0105 szerokiej gamy urz\u0105dze\u0144 radiokomunikacyjnych. Nasz zesp\u00f3\u0142 tworz\u0105 do\u015bwiadczeni pracownicy o d\u0142ugim sta\u017cu i do\u015bwiadczeniu w tej bran\u017cy. Naszymi najwi\u0119kszymi atutami s\u0105 wiedza, kompetencje oraz kwalifikacje. Stawiamy na ci\u0105g\u0142y rozw\u00f3j oraz umacnianie pozycji sprawdzonego i pewnego partnera biznesowego. Nasi klienci to s\u0142u\u017cby administracji publicznej, zak\u0142ady przemys\u0142owe, agencje ochrony, porty lotnicze oraz ci wszyscy, dla kt\u00f3rych \u0142\u0105czno\u015b\u0107 radiowa to narz\u0119dzie pracy.<\/td><\/tr>\n\t\t\n\t\t<tr>\n\t\t<td colspan=\"2\"><a target=\"_blank\" href=\"http:\/\/www.monsun.com.pl\" rel=\"noopener\"><img decoding=\"async\" width=\"250px\" src=\"\/images\/partnerzy\/monsun.png\"><\/a><\/td>\n\t\t<\/tr>\n\t\t<tr><td colspan=\"2\" style=\"border-bottom:1px solid black; text-align: justify;\">Z pasj\u0105 tworzymy medale &#8211; istniejemy od kwietnia 2001 r. Dzia\u0142amy w bran\u017cy sportowo-turystycznej. W maju 2005 r. uruchomili\u015bmy internetow\u0105 witryn\u0119. Prowadzimy r\u00f3wnie\u017c sprzeda\u017c portalu allegro.pl.<\/td><\/tr>\t\t\t\n\t\t\n\t\t<tr>\n\t\t<td><a target=\"_blank\" href=\"http:\/\/www.ski-raft.pl\/\" rel=\"noopener\"><img decoding=\"async\" width=\"250px\" src=\"\/images\/partnerzy\/skiraft.jpg\"><\/a><\/td>\n\t\t<td width=\"250px\"><img decoding=\"async\" src=\"\/images\/partnerzy\/sponsor.png\"><\/td>\n\t\t<\/tr>\n\t\t<tr><td colspan=\"2\" style=\"border-bottom:1px solid black; text-align: justify;\">Firma Ski-Raft powsta\u0142a w wyniku po\u0142\u0105czenia dw\u00f3ch firm zajmuj\u0105cych si\u0119 organizowaniem aktywnego wypoczynku. W roku 2009 przyj\u0119li\u015bmy form\u0119 sp\u00f3\u0142ki cywilnej a od 2014 jeste\u015bmy sp\u00f3\u0142k\u0105 z ograniczon\u0105 odpowiedzialno\u015bci\u0105. Od roku 2009 dzia\u0142amy na terenie Ziemi K\u0142odzkiej i Z\u0105bkowickiej a nasz\u0105 g\u0142\u00f3wn\u0105 siedzib\u0105 jest Bardo Przysta\u0144 Wodna. Naszymi kluczowymi us\u0142ugami, nagradzanymi i wyr\u00f3\u017cnianymi w wielu konkursach i plebiscytach turystycznych i gospodarczych, s\u0105 Sp\u0142ywy Prze\u0142omem Bardzkim odbywaj\u0105ce si\u0119 na pontonach. Zim\u0105 organizujemy aktywny wypoczynek, kt\u00f3rego g\u0142\u00f3wn\u0105 atrakcj\u0105 s\u0105 narty, prowadzimy wypo\u017cyczalni\u0119 nart i sprz\u0119tu zimowego, serwis narciarski oraz szkolenia narciarskie. Organizujemy te\u017c zimowe sp\u0142ywy \u2013 zar\u00f3wno kajakami, jak r\u00f3wnie\u017c pontonami.<\/td><\/tr>\n\n\t\t<tr>\n\t\t<td><a target=\"_blank\" href=\"http:\/\/www.diagnostic-car.cba.pl\" rel=\"noopener\"><img decoding=\"async\" width=\"490px\" src=\"\/images\/partnerzy\/diagnostic_car.png\"><\/a><\/td>\n\t\t<td width=\"250px\"><img decoding=\"async\" src=\"\/images\/partnerzy\/sponsor.png\"><\/td>\n\t\t<\/tr>\n\t\t<tr><td colspan=\"2\" style=\"border-bottom:1px solid black; text-align: justify;\">Zajmujemy si\u0119 diagnostyk\u0105 oraz napraw\u0105 wszystkich marek samochod\u00f3w. Mamy du\u017ce do\u015bwiadczenie zwi\u0105zane z elektryk\u0105 oraz elektronik\u0105 pojazdow\u0105.<\/td><\/tr>\n\n\t\t<tr>\n\t\t<td><a target=\"_blank\" href=\"http:\/\/www.krucze-skaly.pl\/\" rel=\"noopener\"><img decoding=\"async\" width=\"250px\" src=\"\/images\/partnerzy\/krucze_skaly.png\"><\/a><\/td>\n\t\t<td width=\"250px\"><img decoding=\"async\" src=\"\/images\/partnerzy\/sponsor.png\"><\/td>\n\t\t<\/tr>\n\t\t<tr><td colspan=\"2\" style=\"border-bottom:1px solid black; text-align: justify;\">O\u015brodek konferencyjno-wypoczynkowy Krucze Ska\u0142y po\u0142o\u017cony jest u podn\u00f3\u017ca malowniczej grupy skalnej &#8222;Krucze Ska\u0142y&#8221; nad potokiem P\u0142omnica. Obiekt posiada 86 miejsc noclegowych w pokojach 1,2,3 osobowych. Tu\u017c przy O\u015brodku rozpoczynaj\u0105 sw\u00f3j bieg szlaki turystyczne. Z my\u015bl\u0105 o naszych go\u015bciach powsta\u0142y: kort tenisowy, plac zabawa, si\u0142ownia, sauna, bawialnia, dwie sale konferencyjne, monitorowany parking, sala gastronomiczna, zadaszone miejsce do grillowania.<\/td><\/tr>\t\n\t\t\n\t\t<tr>\n\t\t<td><a target=\"_blank\" href=\"http:\/\/www.wislazimowit.pl\/\" rel=\"noopener\"><img decoding=\"async\" width=\"250px\" src=\"\/images\/partnerzy\/zimowit.png\"><\/a><\/td>\n\t\t<td width=\"250px\"><img decoding=\"async\" src=\"\/images\/partnerzy\/sponsor.png\"><\/td>\n\t\t<\/tr>\n\t\t<tr><td colspan=\"2\" style=\"border-bottom:1px solid black; text-align: justify;\">O\u015brodek Wypoczynkowo-Szkoleniowy &#8222;Zimowit&#8221; w Wi\u015ble to idealne miejsce wypoczynku, przygotowania konferencji, zjazdu rodzinnego, kongresu, organizacji plenerowych event\u00f3w i aktywnego sp\u0119dzania czasu. Po\u0142o\u017cony blisko brzegu rzeki Wis\u0142y w zacisznym zak\u0105tku o\u015brodek oferuje swoim klientom zaplecze dydaktyczno-szkoleniowe, gastronomiczne i baz\u0119 hotelow\u0105. Usytuowany w malowniczych Beskidach w pobli\u017cu las\u00f3w w oddaleniu od g\u0142\u00f3wnych szlak\u00f3w komunikacyjnych, gwarantuje \u015bwie\u017ce powietrze, bliski kontakt z natur\u0105 oraz wiele ciekawych atrakcji. Dogodny dojazd, urokliwa okolica, profesjonalna obs\u0142uga oraz komfortowe warunki pobytu, a tak\u017ce liczne wyci\u0105gi ca\u0142oroczne, kt\u00f3re ciesz\u0105 si\u0119, szczeg\u00f3lnie w zimie, uznaniem narciarzy i przyci\u0105gaj\u0105 wielu turyst\u00f3w. Nieopodal o\u015brodka jest stacja kolejowa, dworzec autobusowy, a \u015bcis\u0142e centrum Wis\u0142y oddalone jest o kilka minut drogi pieszo.<\/td><\/tr>\n\t\t\n\t\t<tr>\n\t\t<td colspan=\"2\"><a target=\"_blank\" href=\"http:\/\/poznan.nszzfipw.pl\/\" rel=\"noopener\"><img decoding=\"async\" width=\"125px\" src=\"\/images\/partnerzy\/nszzfipw.png\"><\/a><\/td>\n\t\t<\/tr>\n\t\t<tr><td colspan=\"2\" style=\"border-bottom:1px solid black; text-align: justify;\">ZARZ\u0104D OKR\u0118GOWY NSZZFiPW W POZNANIU<\/td><\/tr>\n\t\t\n\t\t<tr>\n\t\t<td colspan=\"2\"><a target=\"_blank\" href=\"https:\/\/www.facebook.com\/ASG.Grupa.Poludniowy.Zachod\" rel=\"noopener\"><img decoding=\"async\" width=\"250px\" src=\"\/images\/partnerzy\/gpz.jpg\"><\/a><\/td>\n\t\t<\/tr>\n\t\t<tr><td colspan=\"2\" style=\"border-bottom:1px solid black; text-align: justify;\">Grupa Po\u0142udniowy-Zach\u00f3d to amatorska dru\u017cyna sportowa, kt\u00f3ra powsta\u0142a z po\u0142\u0105czenia dw\u00f3ch, kiedy\u015b pr\u0119\u017cnie dzia\u0142aj\u0105cych w \u015brodowisku airsoftowym ekip na Dolnym \u015al\u0105sku DTR Brygady i OASG.<br \/><br \/>Ludzie po\u0142\u0105czeni wsp\u00f3ln\u0105 pasj\u0105 i z mn\u00f3stwem pozytywnej energii, kreatywnych, pe\u0142nych pasji i ch\u0119ci do dzia\u0142ania na r\u00f3\u017cnych p\u0142aszczyznach. Mieszanka wybuchowa w czystej postaci: student, kierowca rajdowy, artysta muzyk, ratownik medyczny, ojciec rodziny i przyk\u0142adny m\u0105\u017c, biznesmen &#8211; to tylko cz\u0119\u015b\u0107 tego co powoduje, \u017ce GPZ jest sama w sobie wyj\u0105tkowym zjawiskiem.<\/td><\/tr>\n\t\t\n\t\t<tr>\n\t\t<td colspan=\"2\"><a target=\"_blank\" href=\"http:\/\/www.plus-timing.pl\/\" rel=\"noopener\"><img decoding=\"async\" width=\"250px\" src=\"\/images\/partnerzy\/plus_timing.png\"><\/a><\/td>\n\t\t<\/tr>\n\t\t<tr><td colspan=\"2\" style=\"border-bottom:1px solid black; text-align: justify;\">Jako Plus-Timing zawsze walczymy aby ka\u017cde powierzone nam zawody by\u0142y sukcesem zar\u00f3wno dla zawodnik\u00f3w jak i organizator\u00f3w. Naszym celem jest w jak najwi\u0119kszym stopniu pom\u00f3c organizatorom w ich nie\u0142atwej pracy przed i w trakcie zawod\u00f3w.<\/td><\/tr>\n\t\t\n\t\t<tr>\n\t\t<td colspan=\"2\"><a target=\"_blank\" href=\"http:\/\/spjmedia.nazwa.pl\/spjtest\/\" rel=\"noopener\"><img decoding=\"async\" width=\"250px\" src=\"\/images\/partnerzy\/spj_media.png\"><\/a><\/td>\n\t\t<\/tr>\n\t\t<tr><td colspan=\"2\" style=\"border-bottom:1px solid black; text-align: justify;\">SPJ MEDIA to firma i ludzie zajmuj\u0105cy si\u0119 produkcj\u0105 i realizacj\u0105 film\u00f3w oraz program\u00f3w telewizyjnych. Wieloletnie do\u015bwiadczenie pozwala nam tworzy\u0107 ka\u017cdy gatunek opowie\u015bci audiowizualnej; reporta\u017ce, teledyski, programy telewizyjne, reklamy, animacje, programy edukacyjne, filmy dokumentalne i promocyjne.<\/td><\/tr>\n\t\t\n\t\t<tr>\n\t\t<td colspan=\"2\"><a target=\"_blank\" href=\"https:\/\/www.facebook.com\/Quad-B%C3%B3br-Team-Nowogr%C3%B3d-Bobrza%C5%84ski-726135520757460\" rel=\"noopener\"><img decoding=\"async\" width=\"250px\" src=\"\/images\/partnerzy\/quad_bobr_team.png\"><\/a><\/td>\n\t\t<\/tr>\n\t\t<tr><td colspan=\"2\" style=\"border-bottom:1px solid black; text-align: justify;\"><\/td><\/tr>\t\t\n\t\t\n\t\t<tr>\n\t\t<td><a target=\"_blank\" href=\"https:\/\/www.pocztowy.pl\/indywidualni\/\" rel=\"noopener\"><img decoding=\"async\" width=\"250px\" src=\"\/images\/partnerzy\/bp.jpg\"><\/a><\/td>\n\t\t<td width=\"250px\"><img decoding=\"async\" src=\"\/images\/partnerzy\/sponsor.png\"><\/td>\n\t\t<\/tr>\n\t\t<tr><td colspan=\"2\" style=\"border-bottom:1px solid black; text-align: justify;\">Jeste\u015bmy polskim bankiem detalicznym. Nasz\u0105 misj\u0105 jest zapewnianie Klientom prostych, bezpiecznych us\u0142ug finansowych w dobrej cenie. Dzi\u0119ki strategicznemu partnerstwu z Poczt\u0105 Polsk\u0105 S.A. (posiada 75% minus 10 akcji Banku), dajemy swoim Klientom dost\u0119p do us\u0142ug finansowych za po\u015brednictwem jednej z najszerszych sieci plac\u00f3wek w Polsce licz\u0105cej oko\u0142o 4,6 tys. plac\u00f3wek pocztowych, w tym blisko 800 dedykowanych wy\u0142\u0105cznie do sprzeda\u017cy produkt\u00f3w finansowych plac\u00f3wek bankowych, Mikrooddzia\u0142\u00f3w oraz Pocztowych Stref Finansowych. Drugim akcjonariuszem Banku jest PKO BP S.A. (posiada 25% plus 10 akcji Banku). Specjalizujemy si\u0119 w najprostszych produktach bankowych oferowanych w polskich z\u0142otych dla Klient\u00f3w detalicznych (w tym os\u00f3b fizycznych prowadz\u0105cych w\u0142asn\u0105 dzia\u0142alno\u015b\u0107 gospodarcz\u0105), a tak\u017ce Klient\u00f3w instytucjonalnych. Prowadzimy r\u00f3wnie\u017c dzia\u0142alno\u015b\u0107 w segmencie rozliczeniowym i skarbowym.<\/td><\/tr>\n\t\t\n\t\t<tr>\n\t\t<td><a target=\"_blank\" href=\"http:\/\/ckit.walim.pl\" rel=\"noopener\"><img decoding=\"async\" width=\"550px\" src=\"\/images\/partnerzy\/ckit_zamek_sztolnie.png\"><\/a><\/td>\n\t\t<td width=\"250px\"><img decoding=\"async\" src=\"\/images\/partnerzy\/sponsor.png\"><\/td>\n\t\t<\/tr>\n\t\t<tr><td colspan=\"2\" style=\"border-bottom:1px solid black; text-align: justify;\">Centrum Kultury i Turystyki w Walimiu jest samorz\u0105dow\u0105 instytucj\u0105 kultury, wpisan\u0105 do rejestru instytucji kultury prowadzonego przez Urz\u0105d Gminy Walim pod numerem 6\/2007 w dniu 1 stycznia 2008 roku.<\/td><\/tr>\n\t\t\n\t\t<tr>\n\t\t<td><a target=\"_blank\" href=\"http:\/\/www.kibalo.pl\" rel=\"noopener\"><img decoding=\"async\" width=\"250px\" src=\"\/images\/partnerzy\/kibalo.jpg\"><\/a><\/td>\n\t\t<td width=\"250px\"><img decoding=\"async\" src=\"\/images\/partnerzy\/sponsor.png\"><\/td>\n\t\t<\/tr>\n\t\t<tr><td colspan=\"2\" style=\"border-bottom:1px solid black; text-align: justify;\">Jeste\u015bmy piekarni\u0105 i cukierni\u0105 rzemie\u015blnicz\u0105, kt\u00f3ra dzia\u0142a od 1978 roku za\u0142o\u017cona przez Stanis\u0142awa Kiba\u0142o. Cukiernia po\u0142o\u017cona w czystym \u015brodowisku obejmuj\u0105c\u0105 dolin\u0119 rzeki Bystrzycy na, kt\u00f3rej znajdziemy zbiorowiska le\u015bne, oraz mozaik\u0119 \u0142\u0105k, pastwisk i p\u00f3l uprawnych. \n\n\t\tNasz\u0105 dum\u0105 jest zdrowe i smaczne pieczywo z piekarni rzemie\u015blniczej gdzie czas to najwa\u017cniejszy sk\u0142adnik naszych wyrob\u00f3w. Poprzez d\u0142ugi czas wyrastania ciasta jak i d\u0142ugi proces wypiekania uzyskujemy wyj\u0105tkowe smaczne pieczywo. Wypiekamy je wy\u0142\u0105cznie z naturalnych surowc\u00f3w i na tradycyjnym zakwasie \u017cytnim ,kt\u00f3ry jest nieodzownym sk\u0142adnikiem diety cz\u0142owieka. Zakwas wytwarza si\u0119 w wyniku fermentacji m\u0105ki \u017cytniej. Stwierdzono \u017ce, ma on lecznicze dzia\u0142anie w stanach zapalnych \u017co\u0142\u0105dka i jelita grubego. Pieczywo wyrabiane na takim zakwasie zalecane jest r\u00f3wnie\u017c w chorobach w\u0105troby ,nerek i trzustki.\n\n\t\tZa spraw\u0105 wieloletniego do\u015bwiadczenia nasza cukiernia specjalizuje si\u0119 nie tylko w wypieku chleba oraz bu\u0142ek. Zajmujemy si\u0119 tak\u017ce produkcj\u0105 wyrob\u00f3w cukierniczych, w tym wspania\u0142ych tradycyjnych tort\u00f3w.\n\n\t\tW naszym bogatym asortymencie znajduj\u0105 si\u0119 torty na zam\u00f3wienie dla dzieci,torty weselne, komunijne, a tak\u017ce torty na wiele innych okazji. Zajmujemy si\u0119 tak\u017ce realizacj\u0105 indywidualnych zam\u00f3wie\u0144. Nasze produkty zachwycaj\u0105 smakiem, a tak\u017ce najwy\u017csz\u0105 jako\u015bci\u0105 oraz \u015bwie\u017co\u015bci\u0105 produkt\u00f3w. \n\n\t\tNaszym celem jest zwi\u0119kszenie zadowolenia klienta poprzez ci\u0105g\u0142e rozwijanie gamy produkt\u00f3w, poprawienie ich jako\u015bci, wdra\u017canie innowacyjnych rozwi\u0105za\u0144 proces\u00f3w produkcji tak aby pieczywo, kt\u00f3re trafia na Pa\u0144stwa sto\u0142y by\u0142o zawsze jak najwy\u017cszej jako\u015bci.<\/td><\/tr>\n\t\t\n\t\t<tr>\n\t\t<td><a target=\"_blank\" href=\"http:\/\/golfclub.com.pl\" rel=\"noopener\"><img decoding=\"async\" width=\"250px\" src=\"\/images\/partnerzy\/pgrkgk.jpg\"><\/a><\/td>\n\t\t<td width=\"250px\"><img decoding=\"async\" src=\"\/images\/partnerzy\/sponsor.png\"><\/td>\n\t\t<\/tr>\n\t\t<tr><td colspan=\"2\" style=\"border-bottom:1px solid black; text-align: justify;\">\n\t\t9-cio do\u0142kowe pole golfowe wraz z Driving Range dzia\u0142aj\u0105ce ju\u017c od kilkunastu lat, tym samym jedno z pierwszych jakie powsta\u0142y na Dolnym \u015al\u0105sku. Pole znajduje si\u0119 w bezpo\u015brednim s\u0105siedztwie zabytkowego Pa\u0142acu Krobielowice i le\u017cy na terenie malowniczego Parku Krajobrazowego Doliny Bystrzycy przez co wyr\u00f3\u017cnia si\u0119 du\u017c\u0105 liczb\u0105 naturalnych przeszk\u00f3d. Idealne miejsce dla pocz\u0105tkuj\u0105cych jak i zaawansowanych graczy jedynie 20 km od Wroc\u0142awia.\n\t\t<\/td><\/tr>\n\t\t\n\t\t<tr>\n\t\t<td><a target=\"_blank\" href=\"http:\/\/www.palackrobielowice.com\" rel=\"noopener\"><img decoding=\"async\" width=\"250px\" src=\"\/images\/partnerzy\/palac_krobielowice.jpg\"><\/a><\/td>\n\t\t<td width=\"250px\"><img decoding=\"async\" src=\"\/images\/partnerzy\/sponsor.png\"><\/td>\n\t\t<\/tr>\n\t\t<tr><td colspan=\"2\" style=\"border-bottom:1px solid black; text-align: justify;\">\n\t\tRenesansowo-barokowy obiekt zabytkowy nale\u017c\u0105cy niegdy\u015b do jednego z pogromc\u00f3w Napoleona &#8211; Gebharda Leberechta von Blucher &#8211; le\u017c\u0105cy 20 km od Wroc\u0142awia i 3 km od K\u0105t\u00f3w Wroc\u0142awskich. Obecnie dzia\u0142a jako hotel, restauracja i o\u015brodek eventowo-konferencyjny. Wok\u00f3\u0142 pa\u0142acu rozpo\u015bciera si\u0119 9-do\u0142kowe pole golfowe, a oba obiekty le\u017c\u0105 na terenie Parku Krajobrazowego Doliny Bystrzycy. Od Od pocz\u0105tku 2016 r. pa\u0142ac jest jednym z 16 obiekt\u00f3w wchodz\u0105cych obecnie w sk\u0142ad Europejskiego Szlaku Zamk\u00f3w i Pa\u0142ac\u00f3w.\n\t\t<\/td><\/tr>\n\t\t\n\t\t<tr>\n\t\t<td><a target=\"_blank\" href=\"http:\/\/www.hs.wroc.pl\" rel=\"noopener\"><img decoding=\"async\" width=\"250px\" src=\"\/images\/partnerzy\/hs_hydraulika.jpg\"><\/a><\/td>\n\t\t<td width=\"250px\"><img decoding=\"async\" src=\"\/images\/partnerzy\/sponsor.png\"><\/td>\n\t\t<\/tr>\n\t\t<tr><td colspan=\"2\" style=\"border-bottom:1px solid black; text-align: justify;\">\n\t\tFirma Hydraulik Services Sp. z o.o. rozpocz\u0119\u0142a dzia\u0142alno\u015b\u0107 we Wroc\u0142awiu w styczniu 2005 roku. Dynamiczny rozw\u00f3j firmy oraz zapotrzebowanie na us\u0142ugi zwi\u0105zane z hydraulik\u0105 si\u0142ow\u0105 doprowadzi\u0142y do utworzenia oddzia\u0142u w Jaworze (rok 2009) oraz w \u015awidnicy (rok 2010). Firma Hydraulik Services Sp. z o. o. jest firm\u0105 wiod\u0105c\u0105 na rynku dolno\u015bl\u0105skim, zajmuj\u0105c\u0105 si\u0119 szeroko poj\u0119t\u0105 hydraulik\u0105 si\u0142ow\u0105. Zakres dzia\u0142alno\u015bci firmy wci\u0105\u017c si\u0119 poszerza. Firma zajmuje si\u0119 m. in.: produkcja przewod\u00f3w ci\u015bnieniowych zgodnie z wymaganiami klienta, produkcja i remont zasilaczy hydraulicznych, sprzeda\u017c komponent\u00f3w hydrauliki si\u0142owej, ca\u0142odobowy, profesjonalny serwis hydrauliki si\u0142owej.\n\t\t<\/td><\/tr>\n\t\t\n\t\t<tr>\n\t\t<td><a target=\"_blank\" href=\"http:\/\/www.zielonekominkowe.pl\" rel=\"noopener\"><img decoding=\"async\" width=\"250px\" src=\"\/images\/partnerzy\/drewnex.png\"><\/a><\/td>\n\t\t<td width=\"250px\"><img decoding=\"async\" src=\"\/images\/partnerzy\/sponsor.png\"><\/td>\n\t\t<\/tr>\n\t\t<tr><td colspan=\"2\" style=\"border-bottom:1px solid black; text-align: justify;\">\n\t\tFirma DREWNEX dzia\u0142a na rynku od 2000 roku. Na przestrzeni kilkunastu lat istnienia naszej dzia\u0142alno\u015bci zdobyli\u015bmy zaufanie kilku tysi\u0119cy prywatnych odbiorc\u00f3w drewna kominkowego. Zdecydowana wi\u0119kszo\u015b\u0107 naszych klient\u00f3w to klienci stali, od lat zadowoleni z jako\u015bci naszego drewna i uczciwo\u015bci naszej firmy. Zaopatrujemy zar\u00f3wno prywatnych klient\u00f3w jak i firmy z bran\u017cy gastronomicznej. Dysponujemy szerokim asortymentem drewna kominkowego w przyst\u0119pnych cenach.<br \/><br \/>\n\t\t\t\t\n\t\tGwarantujemy:<br \/>\n\t\t&#8211; wysokiej jako\u015bci drewno kominkowe: buk, brzoza, grab, d\u0105b, jesion,<br \/>\n\t\t&#8211; szybki transport na terenie woj. dolno\u015bl\u0105skiego i opolskiego,<br \/>\n\t\t&#8211; dla sta\u0142ych klient\u00f3w rabaty, upominki i promocje.<br \/><br \/>\n\n\t\tStaramy si\u0119 spe\u0142nia\u0107 oczekiwania nawet najbardziej wymagaj\u0105cych klient\u00f3w. Na przestrzeni ponad 10 lat istnienia naszej dzia\u0142alno\u015bci zdobyli\u015bmy zaufanie kilku tysi\u0119cy prywatnych odbiorc\u00f3w. Zdecydowana wi\u0119kszo\u015b\u0107 naszych klient\u00f3w to klienci stali, od lat zadowoleni z jako\u015bci naszego drewna i uczciwo\u015bci naszej firmy.\n\t\t<\/td><\/tr>\n\t\t\n\t\t<tr>\n\t\t<td><a target=\"_blank\" href=\"http:\/\/www.adrenalina-park.pl\/\" rel=\"noopener\"><img decoding=\"async\" width=\"250px\" src=\"\/images\/partnerzy\/adrenalina_park.jpg\"><\/a><\/td>\n\t\t<td width=\"250px\"><img decoding=\"async\" src=\"\/images\/partnerzy\/sponsor.png\"><\/td>\n\t\t<\/tr>\n\t\t<tr><td colspan=\"2\" style=\"text-align: justify;\">\n\t\tW dolinie rzeki Strzegomka znajdziemy niesamowite \u017ar\u00f3d\u0142o przyp\u0142ywu mocnych wra\u017ce\u0144. Najwi\u0119kszy park rozrywki na Dolnym \u015al\u0105sku &#8211; Adrenalina Park to ponad 12,5 ha parku z wieloma atrakcjami dla dzieci i doros\u0142ych. To dobry pomys\u0142 na aktywne sp\u0119dzenie nie tylko sobotniego popo\u0142udnia. To fantastyczne miejsca na wycieczki szkolne, spotkania firmowe czy pikniki rodzinne. Poza parkiem linowym oferujemy minirafting Strzegomk\u0105 (trwaj\u0105cy ok. 1 h), wypo\u017cyczalnie quad\u00f3w, rower\u00f3w, liczne boiska do gry w siatk\u00f3wk\u0119 i pi\u0142k\u0119 no\u017cn\u0105, strzelnic\u0119 i ciesz\u0105cy si\u0119 du\u017c\u0105 popularno\u015bci\u0105 paintball. Skorzysta\u0107 mo\u017cna r\u00f3wnie\u017c z \u201etyrolki\u201d, czyli zjazdu na linie 155 lub 320 metr\u00f3w nad stawem w centrum parku. W\u015br\u00f3d nowych atrakcji, kt\u00f3re pojawi\u0142y si\u0119 niedawno jest mi\u0119dzy innymi bro\u0144 pneumatyczna i adrenolot. Na ten sezon mamy r\u00f3wnie\u017c nowy hit &#8211; segway. Pewnie ka\u017cdy si\u0119 zastanawia co to w\u0142a\u015bciwie jest? Przekonajcie si\u0119 sami. No i nie zapominajmy o zakr\u0119conym \u015bwiecie zorbingu czy eurobungy. Nie da si\u0119 wymieni\u0107 wszystkich atrakcji, kt\u00f3re na Was czekaj\u0105. Wpadnijcie, zobaczcie i podzielcie si\u0119 swoimi wra\u017ceniami z najbli\u017cszymi.\n\t\t<\/td><\/tr>\n\t\t\n\t\t\n\t\t\n\t\t\n\t\t\n\t\t\n\t\t\n\t\t\n\t\n\t\t\n\t\t<\/table>\n","protected":false},"excerpt":{"rendered":"<p><a href=\"https:\/\/rys-nocnyrajd.pl\/?page_id=497\" class=\"more-link\"><span class=\"more-button\"><span class=\"screen-reader-text\">VI EDYCJA<\/span><\/span><\/a><\/p>\n","protected":false},"author":1,"featured_media":0,"parent":284,"menu_order":0,"comment_status":"closed","ping_status":"closed","template":"","meta":{"footnotes":""},"class_list":["post-497","page","type-page","status-publish","hentry"],"_links":{"self":[{"href":"https:\/\/rys-nocnyrajd.pl\/index.php?rest_route=\/wp\/v2\/pages\/497","targetHints":{"allow":["GET"]}}],"collection":[{"href":"https:\/\/rys-nocnyrajd.pl\/index.php?rest_route=\/wp\/v2\/pages"}],"about":[{"href":"https:\/\/rys-nocnyrajd.pl\/index.php?rest_route=\/wp\/v2\/types\/page"}],"author":[{"embeddable":true,"href":"https:\/\/rys-nocnyrajd.pl\/index.php?rest_route=\/wp\/v2\/users\/1"}],"replies":[{"embeddable":true,"href":"https:\/\/rys-nocnyrajd.pl\/index.php?rest_route=%2Fwp%2Fv2%2Fcomments&post=497"}],"version-history":[{"count":1,"href":"https:\/\/rys-nocnyrajd.pl\/index.php?rest_route=\/wp\/v2\/pages\/497\/revisions"}],"predecessor-version":[{"id":498,"href":"https:\/\/rys-nocnyrajd.pl\/index.php?rest_route=\/wp\/v2\/pages\/497\/revisions\/498"}],"up":[{"embeddable":true,"href":"https:\/\/rys-nocnyrajd.pl\/index.php?rest_route=\/wp\/v2\/pages\/284"}],"wp:attachment":[{"href":"https:\/\/rys-nocnyrajd.pl\/index.php?rest_route=%2Fwp%2Fv2%2Fmedia&parent=497"}],"curies":[{"name":"wp","href":"https:\/\/api.w.org\/{rel}","templated":true}]}}