{"id":503,"date":"2023-04-19T19:26:10","date_gmt":"2023-04-19T18:26:10","guid":{"rendered":"https:\/\/rys-nocnymaraton.pl\/wp\/?page_id=503"},"modified":"2023-04-19T19:26:10","modified_gmt":"2023-04-19T18:26:10","slug":"viii-edycja","status":"publish","type":"page","link":"https:\/\/rys-nocnyrajd.pl\/?page_id=503","title":{"rendered":"VIII EDYCJA"},"content":{"rendered":"\n\t\t<table border=\"0\" cellpadding=\"10\" class=\"lista\">\n\n\t\t<tr>\n\t\t<td colspan=\"2\"><a target=\"_blank\" href=\"http:\/\/www.pw.info.pl\/index.html\" rel=\"noopener\"><img decoding=\"async\" src=\"\/images\/partnerzy\/pw.jpg\"><\/a><\/td>\n\t\t<\/tr>\n\t\t<tr><td colspan=\"2\" style=\"border-bottom:1px solid black; text-align: justify;\">Firma PW zajmuje si\u0119 zabezpieczeniem i transportem medycznym od 2006. Dzi\u0119ki naszej wykwalifikowanej kadrze sk\u0142adaj\u0105cej si\u0119 z do\u015bwiadczonych ratownik\u00f3w medycznych, kierowc\u00f3w ratownik\u00f3w i lekarzy mo\u017cemy zapewni\u0107 obs\u0142ug\u0119 medyczn\u0105 ka\u017cdej imprezy masowej na najwy\u017cszym poziomie. Dzi\u0119ki po\u0142\u0105czeniu wykwalifikowanego zespo\u0142u i sprz\u0119tu medycznego na europejskim poziomie jeste\u015bmy w stanie zaoferowa\u0107 zabezpieczenie medyczne najwy\u017cszej jako\u015bci.<\/td><\/tr>\t\t\n\t\t\n\t\t<tr>\n\t\t<td><a target=\"_blank\" href=\"http:\/\/www.ski-raft.pl\/\" rel=\"noopener\"><img decoding=\"async\" width=\"250px\" src=\"\/images\/partnerzy\/skiraft.jpg\"><\/a><\/td>\n\t\t<td width=\"250px\"><img decoding=\"async\" src=\"\/images\/partnerzy\/sponsor.png\"><\/td>\n\t\t<\/tr>\n\t\t<tr><td colspan=\"2\" style=\"border-bottom:1px solid black; text-align: justify;\">Firma Ski-Raft powsta\u0142a w wyniku po\u0142\u0105czenia dw\u00f3ch firm zajmuj\u0105cych si\u0119 organizowaniem aktywnego wypoczynku. W roku 2009 przyj\u0119li\u015bmy form\u0119 sp\u00f3\u0142ki cywilnej a od 2014 jeste\u015bmy sp\u00f3\u0142k\u0105 z ograniczon\u0105 odpowiedzialno\u015bci\u0105. Od roku 2009 dzia\u0142amy na terenie Ziemi K\u0142odzkiej i Z\u0105bkowickiej a nasz\u0105 g\u0142\u00f3wn\u0105 siedzib\u0105 jest Bardo Przysta\u0144 Wodna. Naszymi kluczowymi us\u0142ugami, nagradzanymi i wyr\u00f3\u017cnianymi w wielu konkursach i plebiscytach turystycznych i gospodarczych, s\u0105 Sp\u0142ywy Prze\u0142omem Bardzkim odbywaj\u0105ce si\u0119 na pontonach. Zim\u0105 organizujemy aktywny wypoczynek, kt\u00f3rego g\u0142\u00f3wn\u0105 atrakcj\u0105 s\u0105 narty, prowadzimy wypo\u017cyczalni\u0119 nart i sprz\u0119tu zimowego, serwis narciarski oraz szkolenia narciarskie. Organizujemy te\u017c zimowe sp\u0142ywy \u2013 zar\u00f3wno kajakami, jak r\u00f3wnie\u017c pontonami.<\/td><\/tr>\n\n\t\t<tr>\n\t\t<td colspan=\"2\"><a target=\"_blank\" href=\"http:\/\/www.entretiming.pl\/\" rel=\"noopener\"><img decoding=\"async\" width=\"250px\" src=\"\/images\/partnerzy\/entre_timing.png\"><\/a><\/td>\n\t\t<\/tr>\n\t\t<tr><td colspan=\"2\" style=\"border-bottom:1px solid black; text-align: justify;\">Firma ENTRE timing powsta\u0142a w 2013 roku. Zapewniamy pomiar czasu w technologii RFID. Zajmujemy si\u0119 r\u00f3wnie\u017c kompleksow\u0105 organizacj\u0105 imprez. A\u017c trudno sobie wyobrazi\u0107, \u017ce jeszcze kilkana\u015bcie lat temu na mecie nawet du\u017cych imprez stali s\u0119dziowie notuj\u0105cy na kartkach czasy i numery startowe wpadaj\u0105cych na met\u0119 zawodnik\u00f3w. Obecnie \u201cca\u0142\u0105 robot\u0119\u201d wykonuje chip w numerze startowym i sprz\u0119t pomiarowy, kt\u00f3rego wydajno\u015b\u0107 pozwala na rejestracj\u0119 kilkudziesi\u0119ciu zawodnik\u00f3w na sekund\u0119.<\/td><\/tr>\n\t\t\n\t\t<tr>\n\t\t<td><a target=\"_blank\" href=\"http:\/\/www.ecodomy.pl\/\" rel=\"noopener\"><img decoding=\"async\" width=\"250px\" src=\"\/images\/partnerzy\/ecodomypl.jpg\"><\/a><\/td>\n\t\t<td width=\"250px\"><img decoding=\"async\" src=\"\/images\/partnerzy\/sponsor.png\"><\/td>\n\t\t<\/tr>\n\t\t<tr><td colspan=\"2\" style=\"border-bottom:1px solid black; text-align: justify;\">Pracownia projektowa ecodomy.pl ma w swojej ofercie domy o nowoczesnym designie i prostych bry\u0142ach. Dzi\u0119ki temu s\u0105 nie tylko tanie w budowie, ale i p\u00f3\u017aniejszej eksploatacji. Nasz\u0105 specjalno\u015bci\u0105 s\u0105 domy w zabudowie bli\u017aniaczej, dwulokalowej i szeregowej. Dbamy o ka\u017cdy detal, ka\u017cdy nasz projekt jest przemy\u015blany w najdrobniejszym szczeg\u00f3le. Dzi\u0119ki doskona\u0142ej znajomo\u015bci bran\u017cy i aktualnych trend\u00f3w pomo\u017cemy zrealizowa\u0107 marzenie o w\u0142asnym domu!<\/td><\/tr>\n\t\t\n\t\t<tr>\n\t\t<td><a target=\"_blank\" href=\"http:\/\/www.krucze-skaly.pl\/\" rel=\"noopener\"><img decoding=\"async\" width=\"250px\" src=\"\/images\/partnerzy\/krucze_skaly.png\"><\/a><\/td>\n\t\t<td width=\"250px\"><img decoding=\"async\" src=\"\/images\/partnerzy\/sponsor.png\"><\/td>\n\t\t<\/tr>\n\t\t<tr><td colspan=\"2\" style=\"border-bottom:1px solid black; text-align: justify;\">O\u015brodek konferencyjno-wypoczynkowy Krucze Ska\u0142y po\u0142o\u017cony jest u podn\u00f3\u017ca malowniczej grupy skalnej &#8222;Krucze Ska\u0142y&#8221; nad potokiem P\u0142omnica. Obiekt posiada 86 miejsc noclegowych w pokojach 1,2,3 osobowych. Tu\u017c przy O\u015brodku rozpoczynaj\u0105 sw\u00f3j bieg szlaki turystyczne. Z my\u015bl\u0105 o naszych go\u015bciach powsta\u0142y: kort tenisowy, plac zabawa, si\u0142ownia, sauna, bawialnia, dwie sale konferencyjne, monitorowany parking, sala gastronomiczna, zadaszone miejsce do grillowania.<\/td><\/tr>\n\t\t\n\t\t<tr>\n\t\t<td><a target=\"_blank\" href=\"http:\/\/www.hofpol.com.pl\/\" rel=\"noopener\"><img decoding=\"async\" width=\"250px\" src=\"\/images\/partnerzy\/hofpol.png\"><\/a><\/td>\n\t\t<td width=\"250px\"><img decoding=\"async\" src=\"\/images\/partnerzy\/sponsor.png\"><\/td>\n\t\t<\/tr>\n\t\t<tr><td colspan=\"2\" style=\"border-bottom:1px solid black; text-align: justify;\">Autoserwis Hofpol dzia\u0142a na rynku us\u0142ug samochodowych od ponad 27 lat. Od pocz\u0105tku dzia\u0142alno\u015bci zajmujemy si\u0119 sprzeda\u017c\u0105 opon i felg. Nasz serwis zajmuje si\u0119 us\u0142ugami z zakresu:<br>\n\t\t* Mechaniki samochodowej<br>\n\t\t* Geometrii zawieszenia<br>\n\t\t* Klimatyzacji<br>\n\t\t* Wymiana ogumienia i jego przechowywania<br>\n\t\t* Sprzeda\u017cy i naprawy opon i felg<\/td><\/tr>\t\n\t\t\n\t\t<tr>\n\t\t<td><a target=\"_blank\" href=\"http:\/\/poznan.nszzfipw.pl\/\" rel=\"noopener\"><img decoding=\"async\" width=\"125px\" src=\"\/images\/partnerzy\/nszzfipw.png\"><\/a><\/td>\n\t\t<td width=\"250px\"><img decoding=\"async\" src=\"\/images\/partnerzy\/sponsor.png\"><\/td>\n\t\t<\/tr>\n\t\t<tr><td colspan=\"2\" style=\"border-bottom:1px solid black; text-align: justify;\">ZARZ\u0104D OKR\u0118GOWY NSZZFiPW W POZNANIU<\/td><\/tr>\n\t\t\n\t\t<tr>\n\t\t<td><a target=\"_blank\" href=\"http:\/\/www.wshe.edu.pl\" rel=\"noopener\"><img decoding=\"async\" width=\"250px\" src=\"\/images\/partnerzy\/wshe.png\"><\/a><\/td>\n\t\t<td width=\"250px\"><img decoding=\"async\" src=\"\/images\/partnerzy\/sponsor.png\"><\/td>\n\t\t<\/tr>\n\t\t<tr><td colspan=\"2\" style=\"border-bottom:1px solid black; text-align: justify;\">Wy\u017csza Szko\u0142a Humanistyczno-Ekonomiczna w Brzegu kszta\u0142ci w zakresie nauk humanistycznych, spo\u0142ecznych i ekonomicznych. W ci\u0105gu ponad 15-sto letniej dzia\u0142alno\u015bci mury Uczelni opu\u015bci\u0142o ponad 20 000 student\u00f3w. Pozytywne oceny akredytacyjne Ministerstwa Nauki i Szkolnictwa Wy\u017cszego sytuuj\u0105 Wy\u017csz\u0105 Szko\u0142\u0119 Humanistyczno-Ekonomiczn\u0105 w Brzegu w czo\u0142\u00f3wce uczelni niepublicznych. W bogatej ofercie kierunk\u00f3w znajduj\u0105 si\u0119 studia przewidziane dla s\u0142u\u017cb mundurowych, w tym tak\u017ce pracownik\u00f3w S\u0142u\u017cby Wi\u0119ziennej &#8211; licencjackie studia kwalifikacyjne z zakresu pedagogiki resocjalizacyjnej z interwencj\u0105 kryzysow\u0105 oraz doskonal\u0105ce studia podyplomowe.<\/td><\/tr>\t\n\t\t\n\t\t<tr>\n\t\t<td><a target=\"_blank\" href=\"https:\/\/www.pocztowy.pl\/indywidualni\/\" rel=\"noopener\"><img decoding=\"async\" width=\"250px\" src=\"\/images\/partnerzy\/bp.jpg\"><\/a><\/td>\n\t\t<td width=\"250px\"><img decoding=\"async\" src=\"\/images\/partnerzy\/sponsor.png\"><\/td>\n\t\t<\/tr>\n\t\t<tr><td colspan=\"2\" style=\"border-bottom:1px solid black; text-align: justify;\">Jeste\u015bmy polskim bankiem detalicznym. Nasz\u0105 misj\u0105 jest zapewnianie Klientom prostych, bezpiecznych us\u0142ug finansowych w dobrej cenie. Dzi\u0119ki strategicznemu partnerstwu z Poczt\u0105 Polsk\u0105 S.A. (posiada 75% minus 10 akcji Banku), dajemy swoim Klientom dost\u0119p do us\u0142ug finansowych za po\u015brednictwem jednej z najszerszych sieci plac\u00f3wek w Polsce licz\u0105cej oko\u0142o 4,6 tys. plac\u00f3wek pocztowych, w tym blisko 800 dedykowanych wy\u0142\u0105cznie do sprzeda\u017cy produkt\u00f3w finansowych plac\u00f3wek bankowych, Mikrooddzia\u0142\u00f3w oraz Pocztowych Stref Finansowych. Drugim akcjonariuszem Banku jest PKO BP S.A. (posiada 25% plus 10 akcji Banku). Specjalizujemy si\u0119 w najprostszych produktach bankowych oferowanych w polskich z\u0142otych dla Klient\u00f3w detalicznych (w tym os\u00f3b fizycznych prowadz\u0105cych w\u0142asn\u0105 dzia\u0142alno\u015b\u0107 gospodarcz\u0105), a tak\u017ce Klient\u00f3w instytucjonalnych. Prowadzimy r\u00f3wnie\u017c dzia\u0142alno\u015b\u0107 w segmencie rozliczeniowym i skarbowym.<\/td><\/tr>\n\t\t\n\t\t<tr>\n\t\t<td><a target=\"_blank\" href=\"http:\/\/www.zo-nszzfipw-wroclaw.pl\/\" rel=\"noopener\"><img decoding=\"async\" width=\"125px\" src=\"\/images\/partnerzy\/nszzfipw.png\"><\/a><\/td>\n\t\t<td width=\"250px\"><img decoding=\"async\" src=\"\/images\/partnerzy\/sponsor.png\"><\/td>\n\t\t<\/tr>\n\t\t<tr><td colspan=\"2\" style=\"border-bottom:1px solid black; text-align: justify;\">ZO NSZZFiPW we Wroc\u0142awiu<\/td><\/tr>\n\t\t\n\t\t<tr>\n\t\t<td colspan=\"2\"><img decoding=\"async\" width=\"125px\" src=\"\/images\/partnerzy\/nszzfipw.png\"><\/td>\n\t\t<\/tr>\n\t\t<tr><td colspan=\"2\" style=\"border-bottom:1px solid black; text-align: justify;\">ZT NSZZFiPW przy Zak\u0142adzie Karnym w Zar\u0119bie<\/td><\/tr>\n\t\t\n\t\t<tr>\n\t\t<td colspan=\"2\"><img decoding=\"async\" width=\"125px\" src=\"\/images\/partnerzy\/nszzfipw.png\"><\/td>\n\t\t<\/tr>\n\t\t<tr><td colspan=\"2\" style=\"border-bottom:1px solid black; text-align: justify;\">ZT NSZZFiPW przy Zak\u0142adzie Karnym w K\u0142odzku<\/td><\/tr>\n\t\t\n\t\t<tr>\n\t\t<td colspan=\"2\"><img decoding=\"async\" width=\"125px\" src=\"\/images\/partnerzy\/nszzfipw.png\"><\/td>\n\t\t<\/tr>\n\t\t<tr><td colspan=\"2\" style=\"border-bottom:1px solid black; text-align: justify;\">ZT NSZZFiPW przy Zak\u0142adzie Karnym nr 1 we Wroc\u0142awiu<\/td><\/tr>\n\t\t\n\t\t<tr>\n\t\t<td colspan=\"2\"><a target=\"_blank\" href=\"http:\/\/king-broker.pl\/\" rel=\"noopener\"><img decoding=\"async\" width=\"250px\" src=\"\/images\/partnerzy\/king_broker.png\"><\/a><\/td>\n\t\t<\/tr>\n\t\t<tr><td colspan=\"2\" style=\"border-bottom:1px solid black; text-align: justify;\">\n\t\tFirma powsta\u0142a w roku 1995 i jest jedn\u0105 z najstarszych kancelarii brokerskich w \u0141odzi. Od pocz\u0105tku zajmujemy si\u0119 dzia\u0142alno\u015bci\u0105 ubezpieczeniow\u0105, mo\u017cemy pochwali\u0107 si\u0119 ponad 20-letnim sta\u017cem na rynku. Wyr\u00f3\u017cnikiem naszej dzia\u0142alno\u015bci jest program dla funkcjonariuszy i pracownik\u00f3w s\u0142u\u017cb mundurowych oraz ich rodzin. Program obejmuje opiek\u0119 ubezpieczeniow\u0105, zni\u017cki na zakup pakietu prywatnej opieki zdrowotnej (LuxMed), a nawet zni\u017cki w zakresie abonamentu telefonii kom\u00f3rkowej (Orange), energii elektrycznej i gazu, a tak\u017ce zakupu podr\u0119cznik\u00f3w szkolnych.\n\t\t<br \/><br \/>\n\t\tSpecjalizujemy si\u0119 w kompleksowej obs\u0142udze w zakresie ubezpiecze\u0144 maj\u0105tkowych oraz ubezpiecze\u0144 na \u017cycie, podmiot\u00f3w gospodarczych oraz os\u00f3b fizycznych. Jeste\u015bmy przygotowani pod wzgl\u0119dem organizacyjnym, logistycznym, intelektualnym do sprostania wszelkim zadaniom w zakresie szeroko rozumianej dzia\u0142alno\u015bci ubezpieczeniowej, postawionym nam przez naszych klient\u00f3w. Przygotowujemy specjalistyczne programy ubezpieczeniowe dla wybranych grup klient\u00f3w, np.: s\u0142u\u017cb mundurowych, pracownik\u00f3w administracji pa\u0144stwowej i samorz\u0105dowej, abonent\u00f3w telewizji kablowej, itp. Ponadto specjalizujemy si\u0119 w ubezpieczeniach finansowych (gwarancje: zap\u0142aty wadium, nale\u017cytego wykonania umowy, usuni\u0119cia wad i usterek w okresie gwarancji i r\u0119kojmii).\n\t\t<\/td><\/tr>\n\n\t\t<tr>\n\t\t<td colspan=\"2\"><a target=\"_blank\" href=\"http:\/\/tom-instal.com\/\" rel=\"noopener\"><img decoding=\"async\" width=\"250px\" src=\"\/images\/partnerzy\/tom-instal.png\"><\/a><\/td>\n\t\t<\/tr>\n\t\t<tr><td colspan=\"2\" style=\"text-align: justify;\">\n\t\tTOM Instal Sp. z o.o. dzia\u0142a na rynku od ponad 20 lat. Nasze wieloletnie do\u015bwiadczenie pozwala \u015bwiadczy\u0107 us\u0142ugi na najwy\u017cszym poziomie w spos\u00f3b satysfakcjonuj\u0105cy dla Klienta. Jako nowoczesna firma posiadamy odpowiednie zaplecze projektowe, wykonawcze a tak\u017ce park maszyn dzi\u0119ki czemu mo\u017cemy zapewni\u0107 pe\u0142en zakres us\u0142ug przy ka\u017cdej inwestycji.  Specjalizujemy si\u0119 m.in. w:\n\t\t<br \/><br \/>\n\t\t&raquo;  Wyburzenia<br \/>\n\t\t&raquo;  Budowie dr\u00f3g<br \/>\n\t\t&raquo;  Budowie mieszka\u0144<br \/>\n\t\t&raquo;  Budownictwie og\u00f3lnym<br \/>\n\t\t&raquo;  Budowie ma\u0142ej architektury<br \/>\n\t\t&raquo;  Budownictwie przemys\u0142owym<br \/>\n\t\t&raquo;  Budowie obiekt\u00f3w in\u017cynieryjnych<br \/>\n\t\t&raquo;  Budowie sieci wodno-kanalizacyjnej\n\t\t<\/td><\/tr>\n\t\t\n\t\t<\/table>\n","protected":false},"excerpt":{"rendered":"<p><a href=\"https:\/\/rys-nocnyrajd.pl\/?page_id=503\" class=\"more-link\"><span class=\"more-button\"><span class=\"screen-reader-text\">VIII EDYCJA<\/span><\/span><\/a><\/p>\n","protected":false},"author":1,"featured_media":0,"parent":284,"menu_order":0,"comment_status":"closed","ping_status":"closed","template":"","meta":{"footnotes":""},"class_list":["post-503","page","type-page","status-publish","hentry"],"_links":{"self":[{"href":"https:\/\/rys-nocnyrajd.pl\/index.php?rest_route=\/wp\/v2\/pages\/503","targetHints":{"allow":["GET"]}}],"collection":[{"href":"https:\/\/rys-nocnyrajd.pl\/index.php?rest_route=\/wp\/v2\/pages"}],"about":[{"href":"https:\/\/rys-nocnyrajd.pl\/index.php?rest_route=\/wp\/v2\/types\/page"}],"author":[{"embeddable":true,"href":"https:\/\/rys-nocnyrajd.pl\/index.php?rest_route=\/wp\/v2\/users\/1"}],"replies":[{"embeddable":true,"href":"https:\/\/rys-nocnyrajd.pl\/index.php?rest_route=%2Fwp%2Fv2%2Fcomments&post=503"}],"version-history":[{"count":1,"href":"https:\/\/rys-nocnyrajd.pl\/index.php?rest_route=\/wp\/v2\/pages\/503\/revisions"}],"predecessor-version":[{"id":504,"href":"https:\/\/rys-nocnyrajd.pl\/index.php?rest_route=\/wp\/v2\/pages\/503\/revisions\/504"}],"up":[{"embeddable":true,"href":"https:\/\/rys-nocnyrajd.pl\/index.php?rest_route=\/wp\/v2\/pages\/284"}],"wp:attachment":[{"href":"https:\/\/rys-nocnyrajd.pl\/index.php?rest_route=%2Fwp%2Fv2%2Fmedia&parent=503"}],"curies":[{"name":"wp","href":"https:\/\/api.w.org\/{rel}","templated":true}]}}