{"id":506,"date":"2023-04-19T19:34:31","date_gmt":"2023-04-19T18:34:31","guid":{"rendered":"https:\/\/rys-nocnymaraton.pl\/wp\/?page_id=506"},"modified":"2023-04-19T19:38:24","modified_gmt":"2023-04-19T18:38:24","slug":"ix-edycja","status":"publish","type":"page","link":"https:\/\/rys-nocnyrajd.pl\/?page_id=506","title":{"rendered":"IX EDYCJA"},"content":{"rendered":"\n<table border=\"0\" cellpadding=\"10\" class=\"lista\">\n\n\t\t<tr>\n\t\t<td><img decoding=\"async\" width=\"125px\" src=\"\/images\/partnerzy\/nszzfipw.png\"><\/td>\n\t\t<td width=\"250px\"><img decoding=\"async\" src=\"\/images\/partnerzy\/sponsor.png\"><\/td>\n\t\t<\/tr>\n\t\t<tr><td colspan=\"2\" style=\"border-bottom:1px solid black; text-align: justify;\">Zarz\u0105d G\u0142\u00f3wny NSZZ Funkcjonariuszy i Pracownik\u00f3w Wi\u0119ziennictwa<\/td><\/tr>\n\t\t\n\t\t<tr>\n\t\t<td colspan=\"2\"><a target=\"_blank\" href=\"http:\/\/www.pw.info.pl\/index.html\" rel=\"noopener\"><img decoding=\"async\" src=\"\/images\/partnerzy\/pw.jpg\"><\/a><\/td>\n\t\t<\/tr>\n\t\t<tr><td colspan=\"2\" style=\"border-bottom:1px solid black; text-align: justify;\">Firma PW zajmuje si\u0119 zabezpieczeniem i transportem medycznym od 2006. Dzi\u0119ki naszej wykwalifikowanej kadrze sk\u0142adaj\u0105cej si\u0119 z do\u015bwiadczonych ratownik\u00f3w medycznych, kierowc\u00f3w ratownik\u00f3w i lekarzy mo\u017cemy zapewni\u0107 obs\u0142ug\u0119 medyczn\u0105 ka\u017cdej imprezy masowej na najwy\u017cszym poziomie. Dzi\u0119ki po\u0142\u0105czeniu wykwalifikowanego zespo\u0142u i sprz\u0119tu medycznego na europejskim poziomie jeste\u015bmy w stanie zaoferowa\u0107 zabezpieczenie medyczne najwy\u017cszej jako\u015bci.<\/td><\/tr>\t\n\t\t\n\t\t<tr>\n\t\t<td><a target=\"_blank\" href=\"http:\/\/www.ski-raft.pl\/\" rel=\"noopener\"><img decoding=\"async\" width=\"250px\" src=\"\/images\/partnerzy\/skiraft.jpg\"><\/a><\/td>\n\t\t<td width=\"250px\"><img decoding=\"async\" src=\"\/images\/partnerzy\/sponsor.png\"><\/td>\n\t\t<\/tr>\n\t\t<tr><td colspan=\"2\" style=\"border-bottom:1px solid black; text-align: justify;\">Firma Ski-Raft powsta\u0142a w wyniku po\u0142\u0105czenia dw\u00f3ch firm zajmuj\u0105cych si\u0119 organizowaniem aktywnego wypoczynku. W roku 2009 przyj\u0119li\u015bmy form\u0119 sp\u00f3\u0142ki cywilnej a od 2014 jeste\u015bmy sp\u00f3\u0142k\u0105 z ograniczon\u0105 odpowiedzialno\u015bci\u0105. Od roku 2009 dzia\u0142amy na terenie Ziemi K\u0142odzkiej i Z\u0105bkowickiej a nasz\u0105 g\u0142\u00f3wn\u0105 siedzib\u0105 jest Bardo Przysta\u0144 Wodna. Naszymi kluczowymi us\u0142ugami, nagradzanymi i wyr\u00f3\u017cnianymi w wielu konkursach i plebiscytach turystycznych i gospodarczych, s\u0105 Sp\u0142ywy Prze\u0142omem Bardzkim odbywaj\u0105ce si\u0119 na pontonach. Zim\u0105 organizujemy aktywny wypoczynek, kt\u00f3rego g\u0142\u00f3wn\u0105 atrakcj\u0105 s\u0105 narty, prowadzimy wypo\u017cyczalni\u0119 nart i sprz\u0119tu zimowego, serwis narciarski oraz szkolenia narciarskie. Organizujemy te\u017c zimowe sp\u0142ywy \u2013 zar\u00f3wno kajakami, jak r\u00f3wnie\u017c pontonami.<\/td><\/tr>\n\t\t\n\t\t<tr>\n\t\t<td><img decoding=\"async\" width=\"125px\" src=\"\/images\/partnerzy\/nszzfipw.png\"><\/td>\n\t\t<td width=\"250px\"><img decoding=\"async\" src=\"\/images\/partnerzy\/sponsor.png\"><\/td>\n\t\t<\/tr>\n\t\t<tr><td colspan=\"2\" style=\"border-bottom:1px solid black; text-align: justify;\">Zarz\u0105d Okr\u0119gowy NSZZ Funkcjonariuszy i Pracownik\u00f3w Wi\u0119ziennictwa we Wroc\u0142awiu<\/td><\/tr>\n\t\t\n\t\t<tr>\n\t\t<td><a target=\"_blank\" href=\"http:\/\/poznan.nszzfipw.pl\/\" rel=\"noopener\"><img decoding=\"async\" width=\"125px\" src=\"\/images\/partnerzy\/nszzfipw.png\"><\/a><\/td>\n\t\t<td width=\"250px\"><img decoding=\"async\" src=\"\/images\/partnerzy\/sponsor.png\"><\/td>\n\t\t<\/tr>\n\t\t<tr><td colspan=\"2\" style=\"border-bottom:1px solid black; text-align: justify;\">Zarz\u0105d Okr\u0119gowy NSZZ Funkcjonariuszy i Pracownik\u00f3w Wi\u0119ziennictwa w Poznaniu<\/td><\/tr>\n\t\t\n\t\t<tr>\n\t\t<td colspan=\"2\"><a target=\"_blank\" href=\"http:\/\/www.entretiming.pl\/\" rel=\"noopener\"><img decoding=\"async\" width=\"250px\" src=\"\/images\/partnerzy\/entre_timing.png\"><\/a><\/td>\n\t\t<\/tr>\n\t\t<tr><td colspan=\"2\" style=\"border-bottom:1px solid black; text-align: justify;\">Firma ENTRE timing powsta\u0142a w 2013 roku. Zapewniamy pomiar czasu w technologii RFID. Zajmujemy si\u0119 r\u00f3wnie\u017c kompleksow\u0105 organizacj\u0105 imprez. A\u017c trudno sobie wyobrazi\u0107, \u017ce jeszcze kilkana\u015bcie lat temu na mecie nawet du\u017cych imprez stali s\u0119dziowie notuj\u0105cy na kartkach czasy i numery startowe wpadaj\u0105cych na met\u0119 zawodnik\u00f3w. Obecnie \u201cca\u0142\u0105 robot\u0119\u201d wykonuje chip w numerze startowym i sprz\u0119t pomiarowy, kt\u00f3rego wydajno\u015b\u0107 pozwala na rejestracj\u0119 kilkudziesi\u0119ciu zawodnik\u00f3w na sekund\u0119.<\/td><\/tr>\n\t\t\n\t\t<tr>\n\t\t<td><a target=\"_blank\" href=\"https:\/\/www.pocztowy.pl\/indywidualni\/\" rel=\"noopener\"><img decoding=\"async\" width=\"250px\" src=\"\/images\/partnerzy\/bp.jpg\"><\/a><\/td>\n\t\t<td width=\"250px\"><img decoding=\"async\" src=\"\/images\/partnerzy\/sponsor.png\"><\/td>\n\t\t<\/tr>\n\t\t<tr><td colspan=\"2\" style=\"border-bottom:1px solid black; text-align: justify;\">Jeste\u015bmy polskim bankiem detalicznym. Nasz\u0105 misj\u0105 jest zapewnianie Klientom prostych, bezpiecznych us\u0142ug finansowych w dobrej cenie. Dzi\u0119ki strategicznemu partnerstwu z Poczt\u0105 Polsk\u0105 S.A. (posiada 75% minus 10 akcji Banku), dajemy swoim Klientom dost\u0119p do us\u0142ug finansowych za po\u015brednictwem jednej z najszerszych sieci plac\u00f3wek w Polsce licz\u0105cej oko\u0142o 4,6 tys. plac\u00f3wek pocztowych, w tym blisko 800 dedykowanych wy\u0142\u0105cznie do sprzeda\u017cy produkt\u00f3w finansowych plac\u00f3wek bankowych, Mikrooddzia\u0142\u00f3w oraz Pocztowych Stref Finansowych. Drugim akcjonariuszem Banku jest PKO BP S.A. (posiada 25% plus 10 akcji Banku). Specjalizujemy si\u0119 w najprostszych produktach bankowych oferowanych w polskich z\u0142otych dla Klient\u00f3w detalicznych (w tym os\u00f3b fizycznych prowadz\u0105cych w\u0142asn\u0105 dzia\u0142alno\u015b\u0107 gospodarcz\u0105), a tak\u017ce Klient\u00f3w instytucjonalnych. Prowadzimy r\u00f3wnie\u017c dzia\u0142alno\u015b\u0107 w segmencie rozliczeniowym i skarbowym.<\/td><\/tr>\n\t\t\n\t\t<tr>\n\t\t<td><a target=\"_blank\" href=\"http:\/\/www.hofpol.com.pl\/\" rel=\"noopener\"><img decoding=\"async\" width=\"250px\" src=\"\/images\/partnerzy\/hofpol.png\"><\/a><\/td>\n\t\t<td width=\"250px\"><img decoding=\"async\" src=\"\/images\/partnerzy\/sponsor.png\"><\/td>\n\t\t<\/tr>\n\t\t<tr><td colspan=\"2\" style=\"border-bottom:1px solid black; text-align: justify;\">Autoserwis Hofpol dzia\u0142a na rynku us\u0142ug samochodowych od ponad 27 lat. Od pocz\u0105tku dzia\u0142alno\u015bci zajmujemy si\u0119 sprzeda\u017c\u0105 opon i felg. Nasz serwis zajmuje si\u0119 us\u0142ugami z zakresu:<br>\n\t\t* Mechaniki samochodowej<br>\n\t\t* Geometrii zawieszenia<br>\n\t\t* Klimatyzacji<br>\n\t\t* Wymiana ogumienia i jego przechowywania<br>\n\t\t* Sprzeda\u017cy i naprawy opon i felg<\/td><\/tr>\n\t\t\n\t\t<tr>\n\t\t<td colspan=\"2\"><a target=\"_blank\" href=\"http:\/\/spjmedia.nazwa.pl\/spjtest\/\" rel=\"noopener\"><img decoding=\"async\" width=\"250px\" src=\"\/images\/partnerzy\/spj_media.png\"><\/a><\/td>\n\t\t<\/tr>\n\t\t<tr><td colspan=\"2\" style=\"border-bottom:1px solid black; text-align: justify;\">SPJ MEDIA to firma i ludzie zajmuj\u0105cy si\u0119 produkcj\u0105 i realizacj\u0105 film\u00f3w oraz program\u00f3w telewizyjnych. Wieloletnie do\u015bwiadczenie pozwala nam tworzy\u0107 ka\u017cdy gatunek opowie\u015bci audiowizualnej; reporta\u017ce, teledyski, programy telewizyjne, reklamy, animacje, programy edukacyjne, filmy dokumentalne i promocyjne.<\/td><\/tr>\n\t\t\n\t\t<tr>\n\t\t<td colspan=\"2\"><img decoding=\"async\" width=\"125px\" src=\"\/images\/partnerzy\/nszzfipw.png\"><\/td>\n\t\t<\/tr>\n\t\t<tr><td colspan=\"2\" style=\"border-bottom:1px solid black; text-align: justify;\">Zarz\u0105d Terenowy NSZZ Funkcjonariuszy i Pracownik\u00f3w Wi\u0119ziennictwa w Zak\u0142adzie Karnym w Zar\u0119bie<\/td><\/tr>\n\t\t\n\t\t<tr>\n\t\t<td colspan=\"2\"><img decoding=\"async\" width=\"125px\" src=\"\/images\/partnerzy\/nszzfipw.png\"><\/td>\n\t\t<\/tr>\n\t\t<tr><td colspan=\"2\" style=\"border-bottom:1px solid black; text-align: justify;\">Zarz\u0105d Terenowy NSZZ Funkcjonariuszy i Pracownik\u00f3w Wi\u0119ziennictwa w Zak\u0142adzie Karnym w K\u0142odzku<\/td><\/tr>\n\t\t\n\t\t<tr>\n\t\t<td colspan=\"2\"><img decoding=\"async\" width=\"125px\" src=\"\/images\/partnerzy\/nszzfipw.png\"><\/td>\n\t\t<\/tr>\n\t\t<tr><td colspan=\"2\" style=\"border-bottom:1px solid black; text-align: justify;\">Zarz\u0105d Terenowy NSZZ Funkcjonariuszy i Pracownik\u00f3w Wi\u0119ziennictwa w Zak\u0142adzie Karnym nr 1 we Wroc\u0142awiu<\/td><\/tr>\n\t\t\n\t\t<\/table>\n","protected":false},"excerpt":{"rendered":"<p><a href=\"https:\/\/rys-nocnyrajd.pl\/?page_id=506\" class=\"more-link\"><span class=\"more-button\"><span class=\"screen-reader-text\">IX EDYCJA<\/span><\/span><\/a><\/p>\n","protected":false},"author":1,"featured_media":0,"parent":284,"menu_order":0,"comment_status":"closed","ping_status":"closed","template":"","meta":{"footnotes":""},"class_list":["post-506","page","type-page","status-publish","hentry"],"_links":{"self":[{"href":"https:\/\/rys-nocnyrajd.pl\/index.php?rest_route=\/wp\/v2\/pages\/506","targetHints":{"allow":["GET"]}}],"collection":[{"href":"https:\/\/rys-nocnyrajd.pl\/index.php?rest_route=\/wp\/v2\/pages"}],"about":[{"href":"https:\/\/rys-nocnyrajd.pl\/index.php?rest_route=\/wp\/v2\/types\/page"}],"author":[{"embeddable":true,"href":"https:\/\/rys-nocnyrajd.pl\/index.php?rest_route=\/wp\/v2\/users\/1"}],"replies":[{"embeddable":true,"href":"https:\/\/rys-nocnyrajd.pl\/index.php?rest_route=%2Fwp%2Fv2%2Fcomments&post=506"}],"version-history":[{"count":2,"href":"https:\/\/rys-nocnyrajd.pl\/index.php?rest_route=\/wp\/v2\/pages\/506\/revisions"}],"predecessor-version":[{"id":513,"href":"https:\/\/rys-nocnyrajd.pl\/index.php?rest_route=\/wp\/v2\/pages\/506\/revisions\/513"}],"up":[{"embeddable":true,"href":"https:\/\/rys-nocnyrajd.pl\/index.php?rest_route=\/wp\/v2\/pages\/284"}],"wp:attachment":[{"href":"https:\/\/rys-nocnyrajd.pl\/index.php?rest_route=%2Fwp%2Fv2%2Fmedia&parent=506"}],"curies":[{"name":"wp","href":"https:\/\/api.w.org\/{rel}","templated":true}]}}